{"id":3867,"date":"2025-11-12T09:54:44","date_gmt":"2025-11-12T09:54:44","guid":{"rendered":"https:\/\/support.fl-ux.co\/?page_id=3867"},"modified":"2025-11-12T09:57:11","modified_gmt":"2025-11-12T09:57:11","slug":"fl-ux-offline","status":"publish","type":"page","link":"https:\/\/support.fl-ux.co\/es\/fl-ux-offline\/","title":{"rendered":"FL-UX Offline"},"content":{"rendered":"<div data-elementor-type=\"wp-page\" data-elementor-id=\"3867\" class=\"elementor elementor-3867\">\n\t\t\t\t\t\t<section class=\"elementor-section elementor-top-section elementor-element elementor-element-32e46eaa elementor-section-height-min-height elementor-section-boxed elementor-section-height-default elementor-section-items-middle\" data-id=\"32e46eaa\" data-element_type=\"section\" data-e-type=\"section\" data-settings=\"{&quot;background_background&quot;:&quot;classic&quot;}\">\n\t\t\t\t\t\t<div class=\"elementor-container elementor-column-gap-default\">\n\t\t\t\t\t<div class=\"elementor-column elementor-col-100 elementor-top-column elementor-element elementor-element-4a7de9e7\" data-id=\"4a7de9e7\" data-element_type=\"column\" data-e-type=\"column\">\n\t\t\t<div class=\"elementor-widget-wrap elementor-element-populated\">\n\t\t\t\t\t\t<div class=\"elementor-element elementor-element-3d989e14 elementor-widget elementor-widget-heading\" data-id=\"3d989e14\" data-element_type=\"widget\" data-e-type=\"widget\" data-widget_type=\"heading.default\">\n\t\t\t\t\t<h1 class=\"elementor-heading-title elementor-size-default\">FL-UX Offline<\/h1>\t\t\t\t<\/div>\n\t\t\t\t<div class=\"elementor-element elementor-element-69b4713 elementor-widget elementor-widget-text-editor\" data-id=\"69b4713\" data-element_type=\"widget\" data-e-type=\"widget\" data-widget_type=\"text-editor.default\">\n\t\t\t\t\t\t\t\t\t<p>Lorem ipsum dolor sit amet, consectetur adipiscing elit. Ut elit tellus, luctus nec ullamcorper mattis, pulvinar dapibus leo.<\/p>\t\t\t\t\t\t\t\t<\/div>\n\t\t\t\t\t<\/div>\n\t\t<\/div>\n\t\t\t\t\t<\/div>\n\t\t<\/section>\n\t\t\t\t<section class=\"elementor-section elementor-top-section elementor-element elementor-element-7801d904 elementor-section-boxed elementor-section-height-default elementor-section-height-default\" data-id=\"7801d904\" data-element_type=\"section\" data-e-type=\"section\" id=\"edit-profile\">\n\t\t\t\t\t\t<div class=\"elementor-container elementor-column-gap-default\">\n\t\t\t\t\t<div class=\"elementor-column elementor-col-100 elementor-top-column elementor-element elementor-element-4c3d8a8d\" data-id=\"4c3d8a8d\" data-element_type=\"column\" data-e-type=\"column\">\n\t\t\t<div class=\"elementor-widget-wrap elementor-element-populated\">\n\t\t\t\t\t\t<div class=\"elementor-element elementor-element-ebc9fa8 elementor-widget elementor-widget-heading\" data-id=\"ebc9fa8\" data-element_type=\"widget\" data-e-type=\"widget\" data-widget_type=\"heading.default\">\n\t\t\t\t\t<h2 class=\"elementor-heading-title elementor-size-default\">Editar Perfil<\/h2>\t\t\t\t<\/div>\n\t\t\t\t\t<\/div>\n\t\t<\/div>\n\t\t\t\t\t<\/div>\n\t\t<\/section>\n\t\t\t\t<section class=\"elementor-section elementor-top-section elementor-element elementor-element-4dbdcb48 elementor-section-boxed elementor-section-height-default elementor-section-height-default\" data-id=\"4dbdcb48\" data-element_type=\"section\" data-e-type=\"section\">\n\t\t\t\t\t\t<div class=\"elementor-container elementor-column-gap-default\">\n\t\t\t\t\t<div class=\"elementor-column elementor-col-50 elementor-top-column elementor-element elementor-element-58af0ae2\" data-id=\"58af0ae2\" data-element_type=\"column\" data-e-type=\"column\">\n\t\t\t<div class=\"elementor-widget-wrap elementor-element-populated\">\n\t\t\t\t\t\t<div class=\"elementor-element elementor-element-f3aa386 elementor-widget elementor-widget-image\" data-id=\"f3aa386\" data-element_type=\"widget\" data-e-type=\"widget\" data-widget_type=\"image.default\">\n\t\t\t\t\t\t\t\t\t\t\t\t\t\t\t<img fetchpriority=\"high\" decoding=\"async\" width=\"1024\" height=\"576\" src=\"https:\/\/support.fl-ux.co\/wp-content\/uploads\/2022\/08\/main-menu-1024x576.png\" class=\"attachment-large size-large wp-image-2072\" alt=\"\" srcset=\"https:\/\/support.fl-ux.co\/wp-content\/uploads\/2022\/08\/main-menu-1024x576.png 1024w, https:\/\/support.fl-ux.co\/wp-content\/uploads\/2022\/08\/main-menu-300x169.png 300w, https:\/\/support.fl-ux.co\/wp-content\/uploads\/2022\/08\/main-menu-768x432.png 768w, https:\/\/support.fl-ux.co\/wp-content\/uploads\/2022\/08\/main-menu-1536x864.png 1536w, https:\/\/support.fl-ux.co\/wp-content\/uploads\/2022\/08\/main-menu-18x10.png 18w, https:\/\/support.fl-ux.co\/wp-content\/uploads\/2022\/08\/main-menu.png 2000w\" sizes=\"(max-width: 1024px) 100vw, 1024px\" \/>\t\t\t\t\t\t\t\t\t\t\t\t\t\t\t<\/div>\n\t\t\t\t\t<\/div>\n\t\t<\/div>\n\t\t\t\t<div class=\"elementor-column elementor-col-50 elementor-top-column elementor-element elementor-element-3dfc76b\" data-id=\"3dfc76b\" data-element_type=\"column\" data-e-type=\"column\">\n\t\t\t<div class=\"elementor-widget-wrap elementor-element-populated\">\n\t\t\t\t\t\t<div class=\"elementor-element elementor-element-1c57d2a3 elementor-widget elementor-widget-heading\" data-id=\"1c57d2a3\" data-element_type=\"widget\" data-e-type=\"widget\" data-widget_type=\"heading.default\">\n\t\t\t\t\t<h3 class=\"elementor-heading-title elementor-size-default\">Paso 1. Haz clic en el men\u00fa<\/h3>\t\t\t\t<\/div>\n\t\t\t\t<div class=\"elementor-element elementor-element-527bd4d7 elementor-widget elementor-widget-text-editor\" data-id=\"527bd4d7\" data-element_type=\"widget\" data-e-type=\"widget\" data-widget_type=\"text-editor.default\">\n\t\t\t\t\t\t\t\t\t<p>Haz clic en el men\u00fa, el \"...\" en la esquina superior derecha de la p\u00e1gina. Luego haz clic en el perfil que es el primer elemento en el men\u00fa<\/p>\t\t\t\t\t\t\t\t<\/div>\n\t\t\t\t\t<\/div>\n\t\t<\/div>\n\t\t\t\t\t<\/div>\n\t\t<\/section>\n\t\t\t\t<section class=\"elementor-section elementor-top-section elementor-element elementor-element-4e59986a elementor-section-boxed elementor-section-height-default elementor-section-height-default\" data-id=\"4e59986a\" data-element_type=\"section\" data-e-type=\"section\" id=\"change-logged-in-team\" data-settings=\"{&quot;background_background&quot;:&quot;classic&quot;}\">\n\t\t\t\t\t\t<div class=\"elementor-container elementor-column-gap-default\">\n\t\t\t\t\t<div class=\"elementor-column elementor-col-100 elementor-top-column elementor-element elementor-element-6774a01\" data-id=\"6774a01\" data-element_type=\"column\" data-e-type=\"column\">\n\t\t\t<div class=\"elementor-widget-wrap elementor-element-populated\">\n\t\t\t\t\t\t<div class=\"elementor-element elementor-element-3b512f9 elementor-widget elementor-widget-heading\" data-id=\"3b512f9\" data-element_type=\"widget\" data-e-type=\"widget\" data-widget_type=\"heading.default\">\n\t\t\t\t\t<h2 class=\"elementor-heading-title elementor-size-default\">Cambiar de Equipo en Sesi\u00f3n<\/h2>\t\t\t\t<\/div>\n\t\t\t\t\t<\/div>\n\t\t<\/div>\n\t\t\t\t\t<\/div>\n\t\t<\/section>\n\t\t\t\t<section class=\"elementor-section elementor-top-section elementor-element elementor-element-63f42119 elementor-section-boxed elementor-section-height-default elementor-section-height-default\" data-id=\"63f42119\" data-element_type=\"section\" data-e-type=\"section\" data-settings=\"{&quot;background_background&quot;:&quot;classic&quot;}\">\n\t\t\t\t\t\t<div class=\"elementor-container elementor-column-gap-default\">\n\t\t\t\t\t<div class=\"elementor-column elementor-col-50 elementor-top-column elementor-element elementor-element-7a856ff9\" data-id=\"7a856ff9\" data-element_type=\"column\" data-e-type=\"column\">\n\t\t\t<div class=\"elementor-widget-wrap elementor-element-populated\">\n\t\t\t\t\t\t<div class=\"elementor-element elementor-element-2b6adbd9 elementor-widget elementor-widget-image\" data-id=\"2b6adbd9\" data-element_type=\"widget\" data-e-type=\"widget\" data-widget_type=\"image.default\">\n\t\t\t\t\t\t\t\t\t\t\t\t\t\t\t<img decoding=\"async\" width=\"640\" height=\"360\" src=\"https:\/\/support.fl-ux.co\/wp-content\/uploads\/2022\/08\/change-team.png\" class=\"attachment-large size-large wp-image-1995\" alt=\"\" srcset=\"https:\/\/support.fl-ux.co\/wp-content\/uploads\/2022\/08\/change-team.png 640w, https:\/\/support.fl-ux.co\/wp-content\/uploads\/2022\/08\/change-team-300x169.png 300w, https:\/\/support.fl-ux.co\/wp-content\/uploads\/2022\/08\/change-team-18x10.png 18w\" sizes=\"(max-width: 640px) 100vw, 640px\" \/>\t\t\t\t\t\t\t\t\t\t\t\t\t\t\t<\/div>\n\t\t\t\t\t<\/div>\n\t\t<\/div>\n\t\t\t\t<div class=\"elementor-column elementor-col-50 elementor-top-column elementor-element elementor-element-77204e15\" data-id=\"77204e15\" data-element_type=\"column\" data-e-type=\"column\">\n\t\t\t<div class=\"elementor-widget-wrap elementor-element-populated\">\n\t\t\t\t\t\t<div class=\"elementor-element elementor-element-36cf88bd elementor-widget elementor-widget-heading\" data-id=\"36cf88bd\" data-element_type=\"widget\" data-e-type=\"widget\" data-widget_type=\"heading.default\">\n\t\t\t\t\t<h3 class=\"elementor-heading-title elementor-size-default\">Paso 1. Haz clic en el men\u00fa<\/h3>\t\t\t\t<\/div>\n\t\t\t\t<div class=\"elementor-element elementor-element-136ce052 elementor-widget elementor-widget-text-editor\" data-id=\"136ce052\" data-element_type=\"widget\" data-e-type=\"widget\" data-widget_type=\"text-editor.default\">\n\t\t\t\t\t\t\t\t\t<p><span style=\"font-weight: 400;\">Haz clic en el men\u00fa, el \"...\" en la esquina superior derecha de la p\u00e1gina. Luego haz clic en cambiar de equipo en sesi\u00f3n (change logged in team)<\/span><\/p><p>\u00a0<\/p><p><span style=\"font-weight: 400;\">Esto mostrar\u00e1 todas las cuentas de equipo de las que eres parte<\/span><\/p>\t\t\t\t\t\t\t\t<\/div>\n\t\t\t\t\t<\/div>\n\t\t<\/div>\n\t\t\t\t\t<\/div>\n\t\t<\/section>\n\t\t\t\t<section class=\"elementor-section elementor-top-section elementor-element elementor-element-60e71732 elementor-section-boxed elementor-section-height-default elementor-section-height-default\" data-id=\"60e71732\" data-element_type=\"section\" data-e-type=\"section\" data-settings=\"{&quot;background_background&quot;:&quot;classic&quot;}\">\n\t\t\t\t\t\t<div class=\"elementor-container elementor-column-gap-default\">\n\t\t\t\t\t<div class=\"elementor-column elementor-col-50 elementor-top-column elementor-element elementor-element-1464e430\" data-id=\"1464e430\" data-element_type=\"column\" data-e-type=\"column\">\n\t\t\t<div class=\"elementor-widget-wrap elementor-element-populated\">\n\t\t\t\t\t\t<div class=\"elementor-element elementor-element-1927f548 elementor-widget elementor-widget-image\" data-id=\"1927f548\" data-element_type=\"widget\" data-e-type=\"widget\" data-widget_type=\"image.default\">\n\t\t\t\t\t\t\t\t\t\t\t\t\t\t\t<img decoding=\"async\" width=\"1024\" height=\"576\" src=\"https:\/\/support.fl-ux.co\/wp-content\/uploads\/2022\/08\/login-1024x576.png\" class=\"attachment-large size-large wp-image-2070\" alt=\"\" srcset=\"https:\/\/support.fl-ux.co\/wp-content\/uploads\/2022\/08\/login-1024x576.png 1024w, https:\/\/support.fl-ux.co\/wp-content\/uploads\/2022\/08\/login-300x169.png 300w, https:\/\/support.fl-ux.co\/wp-content\/uploads\/2022\/08\/login-768x432.png 768w, https:\/\/support.fl-ux.co\/wp-content\/uploads\/2022\/08\/login-1536x864.png 1536w, https:\/\/support.fl-ux.co\/wp-content\/uploads\/2022\/08\/login-2048x1152.png 2048w, https:\/\/support.fl-ux.co\/wp-content\/uploads\/2022\/08\/login-18x10.png 18w\" sizes=\"(max-width: 1024px) 100vw, 1024px\" \/>\t\t\t\t\t\t\t\t\t\t\t\t\t\t\t<\/div>\n\t\t\t\t\t<\/div>\n\t\t<\/div>\n\t\t\t\t<div class=\"elementor-column elementor-col-50 elementor-top-column elementor-element elementor-element-2610b3a9\" data-id=\"2610b3a9\" data-element_type=\"column\" data-e-type=\"column\">\n\t\t\t<div class=\"elementor-widget-wrap elementor-element-populated\">\n\t\t\t\t\t\t<div class=\"elementor-element elementor-element-4d4bc3bc elementor-widget elementor-widget-heading\" data-id=\"4d4bc3bc\" data-element_type=\"widget\" data-e-type=\"widget\" data-widget_type=\"heading.default\">\n\t\t\t\t\t<p class=\"elementor-heading-title elementor-size-default\">Paso 2. Iniciar Sesi\u00f3n<\/p>\t\t\t\t<\/div>\n\t\t\t\t<div class=\"elementor-element elementor-element-35bc69cf elementor-widget elementor-widget-text-editor\" data-id=\"35bc69cf\" data-element_type=\"widget\" data-e-type=\"widget\" data-widget_type=\"text-editor.default\">\n\t\t\t\t\t\t\t\t\t<p>Iniciar sesi\u00f3n a otra vez con tu ID de usuario y contrase\u00f1a<\/p>\t\t\t\t\t\t\t\t<\/div>\n\t\t\t\t\t<\/div>\n\t\t<\/div>\n\t\t\t\t\t<\/div>\n\t\t<\/section>\n\t\t\t\t<section class=\"elementor-section elementor-top-section elementor-element elementor-element-2878eb58 elementor-section-boxed elementor-section-height-default elementor-section-height-default\" data-id=\"2878eb58\" data-element_type=\"section\" data-e-type=\"section\" id=\"app-settings\">\n\t\t\t\t\t\t<div class=\"elementor-container elementor-column-gap-default\">\n\t\t\t\t\t<div class=\"elementor-column elementor-col-100 elementor-top-column elementor-element elementor-element-2d3811ee\" data-id=\"2d3811ee\" data-element_type=\"column\" data-e-type=\"column\">\n\t\t\t<div class=\"elementor-widget-wrap elementor-element-populated\">\n\t\t\t\t\t\t<div class=\"elementor-element elementor-element-3d30d069 elementor-widget elementor-widget-heading\" data-id=\"3d30d069\" data-element_type=\"widget\" data-e-type=\"widget\" data-widget_type=\"heading.default\">\n\t\t\t\t\t<h4 class=\"elementor-heading-title elementor-size-default\">Configuraci\u00f3n de la Aplicaci\u00f3n<\/h4>\t\t\t\t<\/div>\n\t\t\t\t\t<\/div>\n\t\t<\/div>\n\t\t\t\t\t<\/div>\n\t\t<\/section>\n\t\t\t\t<section class=\"elementor-section elementor-top-section elementor-element elementor-element-7ff04a39 elementor-section-boxed elementor-section-height-default elementor-section-height-default\" data-id=\"7ff04a39\" data-element_type=\"section\" data-e-type=\"section\">\n\t\t\t\t\t\t<div class=\"elementor-container elementor-column-gap-default\">\n\t\t\t\t\t<div class=\"elementor-column elementor-col-50 elementor-top-column elementor-element elementor-element-6d6fbd40\" data-id=\"6d6fbd40\" data-element_type=\"column\" data-e-type=\"column\">\n\t\t\t<div class=\"elementor-widget-wrap elementor-element-populated\">\n\t\t\t\t\t\t<div class=\"elementor-element elementor-element-33e7d9a2 elementor-widget elementor-widget-image\" data-id=\"33e7d9a2\" data-element_type=\"widget\" data-e-type=\"widget\" data-widget_type=\"image.default\">\n\t\t\t\t\t\t\t\t\t\t\t\t\t\t\t<img loading=\"lazy\" decoding=\"async\" width=\"1024\" height=\"576\" src=\"https:\/\/support.fl-ux.co\/wp-content\/uploads\/2022\/08\/app-setting-1024x576.png\" class=\"attachment-large size-large wp-image-1987\" alt=\"\" srcset=\"https:\/\/support.fl-ux.co\/wp-content\/uploads\/2022\/08\/app-setting-1024x576.png 1024w, https:\/\/support.fl-ux.co\/wp-content\/uploads\/2022\/08\/app-setting-300x169.png 300w, https:\/\/support.fl-ux.co\/wp-content\/uploads\/2022\/08\/app-setting-768x432.png 768w, https:\/\/support.fl-ux.co\/wp-content\/uploads\/2022\/08\/app-setting-18x10.png 18w, https:\/\/support.fl-ux.co\/wp-content\/uploads\/2022\/08\/app-setting.png 1040w\" sizes=\"(max-width: 1024px) 100vw, 1024px\" \/>\t\t\t\t\t\t\t\t\t\t\t\t\t\t\t<\/div>\n\t\t\t\t\t<\/div>\n\t\t<\/div>\n\t\t\t\t<div class=\"elementor-column elementor-col-50 elementor-top-column elementor-element elementor-element-34d75b01\" data-id=\"34d75b01\" data-element_type=\"column\" data-e-type=\"column\">\n\t\t\t<div class=\"elementor-widget-wrap elementor-element-populated\">\n\t\t\t\t\t\t<div class=\"elementor-element elementor-element-8d37aee elementor-widget elementor-widget-heading\" data-id=\"8d37aee\" data-element_type=\"widget\" data-e-type=\"widget\" data-widget_type=\"heading.default\">\n\t\t\t\t\t<p class=\"elementor-heading-title elementor-size-default\">Paso 1. Haz clic en el men\u00fa<\/p>\t\t\t\t<\/div>\n\t\t\t\t<div class=\"elementor-element elementor-element-1e65b0f9 elementor-widget elementor-widget-text-editor\" data-id=\"1e65b0f9\" data-element_type=\"widget\" data-e-type=\"widget\" data-widget_type=\"text-editor.default\">\n\t\t\t\t\t\t\t\t\t<p><span style=\"font-weight: 400;\">Haz clic en el men\u00fa, el \"...\" en la esquina superior derecha de la p\u00e1gina. Luego haz clic en configuraci\u00f3n de la aplicaci\u00f3n (app setting)<\/span><\/p><p>\u00a0<\/p><p><span style=\"font-weight: 400;\">Puedes cambiar la idioma, video quality, sonido, y mirar la versi\u00f3n de app<\/span><\/p>\t\t\t\t\t\t\t\t<\/div>\n\t\t\t\t\t<\/div>\n\t\t<\/div>\n\t\t\t\t\t<\/div>\n\t\t<\/section>\n\t\t\t\t<section class=\"elementor-section elementor-top-section elementor-element elementor-element-520f6217 elementor-section-boxed elementor-section-height-default elementor-section-height-default\" data-id=\"520f6217\" data-element_type=\"section\" data-e-type=\"section\" id=\"current-usage\" data-settings=\"{&quot;background_background&quot;:&quot;classic&quot;}\">\n\t\t\t\t\t\t<div class=\"elementor-container elementor-column-gap-default\">\n\t\t\t\t\t<div class=\"elementor-column elementor-col-100 elementor-top-column elementor-element elementor-element-7247bee1\" data-id=\"7247bee1\" data-element_type=\"column\" data-e-type=\"column\">\n\t\t\t<div class=\"elementor-widget-wrap elementor-element-populated\">\n\t\t\t\t\t\t<div class=\"elementor-element elementor-element-2d1f104 elementor-widget elementor-widget-heading\" data-id=\"2d1f104\" data-element_type=\"widget\" data-e-type=\"widget\" data-widget_type=\"heading.default\">\n\t\t\t\t\t<h4 class=\"elementor-heading-title elementor-size-default\">Uso Actual<\/h4>\t\t\t\t<\/div>\n\t\t\t\t\t<\/div>\n\t\t<\/div>\n\t\t\t\t\t<\/div>\n\t\t<\/section>\n\t\t\t\t<section class=\"elementor-section elementor-top-section elementor-element elementor-element-583df442 elementor-section-boxed elementor-section-height-default elementor-section-height-default\" data-id=\"583df442\" data-element_type=\"section\" data-e-type=\"section\" data-settings=\"{&quot;background_background&quot;:&quot;classic&quot;}\">\n\t\t\t\t\t\t<div class=\"elementor-container elementor-column-gap-default\">\n\t\t\t\t\t<div class=\"elementor-column elementor-col-50 elementor-top-column elementor-element elementor-element-77e9a167\" data-id=\"77e9a167\" data-element_type=\"column\" data-e-type=\"column\">\n\t\t\t<div class=\"elementor-widget-wrap elementor-element-populated\">\n\t\t\t\t\t\t<div class=\"elementor-element elementor-element-62f52fc0 elementor-widget elementor-widget-image\" data-id=\"62f52fc0\" data-element_type=\"widget\" data-e-type=\"widget\" data-widget_type=\"image.default\">\n\t\t\t\t\t\t\t\t\t\t\t\t\t\t\t<img loading=\"lazy\" decoding=\"async\" width=\"1024\" height=\"576\" src=\"https:\/\/support.fl-ux.co\/wp-content\/uploads\/2022\/08\/current-usage-1024x576.png\" class=\"attachment-large size-large wp-image-2006\" alt=\"\" srcset=\"https:\/\/support.fl-ux.co\/wp-content\/uploads\/2022\/08\/current-usage-1024x576.png 1024w, https:\/\/support.fl-ux.co\/wp-content\/uploads\/2022\/08\/current-usage-300x169.png 300w, https:\/\/support.fl-ux.co\/wp-content\/uploads\/2022\/08\/current-usage-768x432.png 768w, https:\/\/support.fl-ux.co\/wp-content\/uploads\/2022\/08\/current-usage-1536x864.png 1536w, https:\/\/support.fl-ux.co\/wp-content\/uploads\/2022\/08\/current-usage-2048x1152.png 2048w, https:\/\/support.fl-ux.co\/wp-content\/uploads\/2022\/08\/current-usage-18x10.png 18w\" sizes=\"(max-width: 1024px) 100vw, 1024px\" \/>\t\t\t\t\t\t\t\t\t\t\t\t\t\t\t<\/div>\n\t\t\t\t\t<\/div>\n\t\t<\/div>\n\t\t\t\t<div class=\"elementor-column elementor-col-50 elementor-top-column elementor-element elementor-element-325103ab\" data-id=\"325103ab\" data-element_type=\"column\" data-e-type=\"column\">\n\t\t\t<div class=\"elementor-widget-wrap elementor-element-populated\">\n\t\t\t\t\t\t<div class=\"elementor-element elementor-element-70bced elementor-widget elementor-widget-heading\" data-id=\"70bced\" data-element_type=\"widget\" data-e-type=\"widget\" data-widget_type=\"heading.default\">\n\t\t\t\t\t<p class=\"elementor-heading-title elementor-size-default\">Paso 1. Haz clic en el men\u00fa<\/p>\t\t\t\t<\/div>\n\t\t\t\t<div class=\"elementor-element elementor-element-5761bb98 elementor-widget elementor-widget-text-editor\" data-id=\"5761bb98\" data-element_type=\"widget\" data-e-type=\"widget\" data-widget_type=\"text-editor.default\">\n\t\t\t\t\t\t\t\t\t<p><span style=\"font-weight: 400;\">Haz clic en el men\u00fa, el \"...\" en la esquina superior derecha de la p\u00e1gina. Luego haz clic en configuraci\u00f3n de la aplicaci\u00f3n (app setting)<\/span><\/p><p>\u00a0<\/p><p><span style=\"font-weight: 400;\">Puedes verificar cu\u00e1ntas horas para subir y cu\u00e1ntas horas para exportar te quedan para el mes seg\u00fan tu plan desde esta ventana<\/span><\/p>\t\t\t\t\t\t\t\t<\/div>\n\t\t\t\t\t<\/div>\n\t\t<\/div>\n\t\t\t\t\t<\/div>\n\t\t<\/section>\n\t\t\t\t<\/div>","protected":false},"excerpt":{"rendered":"<p>FL-UX Offline Lorem ipsum dolor sit amet, consectetur adipiscing elit. Ut elit tellus, luctus nec ullamcorper mattis, pulvinar dapibus leo. Edit Profile Step 1. Click on the menu Click on the menu, the \u201c&#8230;\u201d on the top right corner of the page. The click on the profile which is the first item on the menu [&hellip;]<\/p>\n","protected":false},"author":1,"featured_media":0,"parent":0,"menu_order":0,"comment_status":"closed","ping_status":"closed","template":"","meta":{"site-sidebar-layout":"no-sidebar","site-content-layout":"page-builder","ast-site-content-layout":"full-width-container","site-content-style":"default","site-sidebar-style":"default","ast-global-header-display":"","ast-banner-title-visibility":"","ast-main-header-display":"","ast-hfb-above-header-display":"","ast-hfb-below-header-display":"","ast-hfb-mobile-header-display":"","site-post-title":"","ast-breadcrumbs-content":"","ast-featured-img":"disabled","footer-sml-layout":"","ast-disable-related-posts":"","theme-transparent-header-meta":"","adv-header-id-meta":"","stick-header-meta":"","header-above-stick-meta":"","header-main-stick-meta":"","header-below-stick-meta":"","astra-migrate-meta-layouts":"set","ast-page-background-enabled":"default","ast-page-background-meta":{"desktop":{"background-color":"","background-image":"","background-repeat":"repeat","background-position":"center center","background-size":"auto","background-attachment":"scroll","background-type":"","background-media":"","overlay-type":"","overlay-color":"","overlay-opacity":"","overlay-gradient":""},"tablet":{"background-color":"","background-image":"","background-repeat":"repeat","background-position":"center center","background-size":"auto","background-attachment":"scroll","background-type":"","background-media":"","overlay-type":"","overlay-color":"","overlay-opacity":"","overlay-gradient":""},"mobile":{"background-color":"","background-image":"","background-repeat":"repeat","background-position":"center center","background-size":"auto","background-attachment":"scroll","background-type":"","background-media":"","overlay-type":"","overlay-color":"","overlay-opacity":"","overlay-gradient":""}},"ast-content-background-meta":{"desktop":{"background-color":"var(--ast-global-color-5)","background-image":"","background-repeat":"repeat","background-position":"center center","background-size":"auto","background-attachment":"scroll","background-type":"","background-media":"","overlay-type":"","overlay-color":"","overlay-opacity":"","overlay-gradient":""},"tablet":{"background-color":"var(--ast-global-color-5)","background-image":"","background-repeat":"repeat","background-position":"center center","background-size":"auto","background-attachment":"scroll","background-type":"","background-media":"","overlay-type":"","overlay-color":"","overlay-opacity":"","overlay-gradient":""},"mobile":{"background-color":"var(--ast-global-color-5)","background-image":"","background-repeat":"repeat","background-position":"center center","background-size":"auto","background-attachment":"scroll","background-type":"","background-media":"","overlay-type":"","overlay-color":"","overlay-opacity":"","overlay-gradient":""}},"footnotes":""},"class_list":["post-3867","page","type-page","status-publish","hentry"],"aioseo_notices":[],"_links":{"self":[{"href":"https:\/\/support.fl-ux.co\/es\/wp-json\/wp\/v2\/pages\/3867","targetHints":{"allow":["GET"]}}],"collection":[{"href":"https:\/\/support.fl-ux.co\/es\/wp-json\/wp\/v2\/pages"}],"about":[{"href":"https:\/\/support.fl-ux.co\/es\/wp-json\/wp\/v2\/types\/page"}],"author":[{"embeddable":true,"href":"https:\/\/support.fl-ux.co\/es\/wp-json\/wp\/v2\/users\/1"}],"replies":[{"embeddable":true,"href":"https:\/\/support.fl-ux.co\/es\/wp-json\/wp\/v2\/comments?post=3867"}],"version-history":[{"count":5,"href":"https:\/\/support.fl-ux.co\/es\/wp-json\/wp\/v2\/pages\/3867\/revisions"}],"predecessor-version":[{"id":3872,"href":"https:\/\/support.fl-ux.co\/es\/wp-json\/wp\/v2\/pages\/3867\/revisions\/3872"}],"wp:attachment":[{"href":"https:\/\/support.fl-ux.co\/es\/wp-json\/wp\/v2\/media?parent=3867"}],"curies":[{"name":"wp","href":"https:\/\/api.w.org\/{rel}","templated":true}]}}