{"id":3458,"date":"2024-07-30T14:29:08","date_gmt":"2024-07-30T14:29:08","guid":{"rendered":"https:\/\/support.fl-ux.co\/?page_id=3458"},"modified":"2024-08-21T14:45:30","modified_gmt":"2024-08-21T14:45:30","slug":"video-search","status":"publish","type":"page","link":"https:\/\/support.fl-ux.co\/es\/home\/user-manual\/video-search\/","title":{"rendered":"B\u00fasqueda de Videos"},"content":{"rendered":"<div data-elementor-type=\"wp-page\" data-elementor-id=\"3458\" class=\"elementor elementor-3458\">\n\t\t\t\t\t\t<section class=\"elementor-section elementor-top-section elementor-element elementor-element-48df2a5 elementor-section-height-min-height elementor-section-boxed elementor-section-height-default elementor-section-items-middle\" data-id=\"48df2a5\" data-element_type=\"section\" data-e-type=\"section\" data-settings=\"{&quot;background_background&quot;:&quot;classic&quot;}\">\n\t\t\t\t\t\t<div class=\"elementor-container elementor-column-gap-default\">\n\t\t\t\t\t<div class=\"elementor-column elementor-col-100 elementor-top-column elementor-element elementor-element-3a88e89\" data-id=\"3a88e89\" data-element_type=\"column\" data-e-type=\"column\">\n\t\t\t<div class=\"elementor-widget-wrap elementor-element-populated\">\n\t\t\t\t\t\t<div class=\"elementor-element elementor-element-2e30a0a elementor-widget elementor-widget-heading\" data-id=\"2e30a0a\" data-element_type=\"widget\" data-e-type=\"widget\" data-widget_type=\"heading.default\">\n\t\t\t\t\t<h1 class=\"elementor-heading-title elementor-size-default\">B\u00fasqueda de Videos<\/h1>\t\t\t\t<\/div>\n\t\t\t\t\t<\/div>\n\t\t<\/div>\n\t\t\t\t\t<\/div>\n\t\t<\/section>\n\t\t\t\t<section class=\"elementor-section elementor-top-section elementor-element elementor-element-cf8b657 elementor-section-boxed elementor-section-height-default elementor-section-height-default\" data-id=\"cf8b657\" data-element_type=\"section\" data-e-type=\"section\">\n\t\t\t\t\t\t<div class=\"elementor-container elementor-column-gap-default\">\n\t\t\t\t\t<div class=\"elementor-column elementor-col-100 elementor-top-column elementor-element elementor-element-6104750\" data-id=\"6104750\" data-element_type=\"column\" data-e-type=\"column\">\n\t\t\t<div class=\"elementor-widget-wrap elementor-element-populated\">\n\t\t\t\t\t\t<div class=\"elementor-element elementor-element-6bff7b7 elementor-widget elementor-widget-heading\" data-id=\"6bff7b7\" data-element_type=\"widget\" data-e-type=\"widget\" data-widget_type=\"heading.default\">\n\t\t\t\t\t<h2 class=\"elementor-heading-title elementor-size-default\">B\u00fasqueda de Video B\u00e1sico<\/h2>\t\t\t\t<\/div>\n\t\t\t\t\t<\/div>\n\t\t<\/div>\n\t\t\t\t\t<\/div>\n\t\t<\/section>\n\t\t\t\t<section class=\"elementor-section elementor-top-section elementor-element elementor-element-4e633e3 elementor-section-boxed elementor-section-height-default elementor-section-height-default\" data-id=\"4e633e3\" data-element_type=\"section\" data-e-type=\"section\">\n\t\t\t\t\t\t<div class=\"elementor-container elementor-column-gap-default\">\n\t\t\t\t\t<div class=\"elementor-column elementor-col-50 elementor-top-column elementor-element elementor-element-885a735\" data-id=\"885a735\" data-element_type=\"column\" data-e-type=\"column\">\n\t\t\t<div class=\"elementor-widget-wrap elementor-element-populated\">\n\t\t\t\t\t\t<div class=\"elementor-element elementor-element-4527f22 elementor-widget elementor-widget-image\" data-id=\"4527f22\" data-element_type=\"widget\" data-e-type=\"widget\" data-widget_type=\"image.default\">\n\t\t\t\t\t\t\t\t\t\t\t\t\t\t\t<img fetchpriority=\"high\" decoding=\"async\" width=\"960\" height=\"540\" src=\"https:\/\/support.fl-ux.co\/wp-content\/uploads\/2024\/07\/video-search-1.png\" class=\"attachment-large size-large wp-image-3463\" alt=\"\" srcset=\"https:\/\/support.fl-ux.co\/wp-content\/uploads\/2024\/07\/video-search-1.png 960w, https:\/\/support.fl-ux.co\/wp-content\/uploads\/2024\/07\/video-search-1-300x169.png 300w, https:\/\/support.fl-ux.co\/wp-content\/uploads\/2024\/07\/video-search-1-768x432.png 768w, https:\/\/support.fl-ux.co\/wp-content\/uploads\/2024\/07\/video-search-1-18x10.png 18w\" sizes=\"(max-width: 960px) 100vw, 960px\" \/>\t\t\t\t\t\t\t\t\t\t\t\t\t\t\t<\/div>\n\t\t\t\t\t<\/div>\n\t\t<\/div>\n\t\t\t\t<div class=\"elementor-column elementor-col-50 elementor-top-column elementor-element elementor-element-e38083e\" data-id=\"e38083e\" data-element_type=\"column\" data-e-type=\"column\">\n\t\t\t<div class=\"elementor-widget-wrap elementor-element-populated\">\n\t\t\t\t\t\t<div class=\"elementor-element elementor-element-461081b elementor-widget elementor-widget-heading\" data-id=\"461081b\" data-element_type=\"widget\" data-e-type=\"widget\" data-widget_type=\"heading.default\">\n\t\t\t\t\t<p class=\"elementor-heading-title elementor-size-default\">Paso 1. Abre los filtros<\/p>\t\t\t\t<\/div>\n\t\t\t\t<div class=\"elementor-element elementor-element-fcf4500 elementor-widget elementor-widget-text-editor\" data-id=\"fcf4500\" data-element_type=\"widget\" data-e-type=\"widget\" data-widget_type=\"text-editor.default\">\n\t\t\t\t\t\t\t\t\t<p><span style=\"font-weight: 400;\">Haz clic en el tri\u00e1ngulo invertido en la parte superior derecha de la p\u00e1gina para abrir los filtros de b\u00fasqueda de videos.<\/span><\/p>\t\t\t\t\t\t\t\t<\/div>\n\t\t\t\t\t<\/div>\n\t\t<\/div>\n\t\t\t\t\t<\/div>\n\t\t<\/section>\n\t\t\t\t<section class=\"elementor-section elementor-top-section elementor-element elementor-element-31b50b1 elementor-section-boxed elementor-section-height-default elementor-section-height-default\" data-id=\"31b50b1\" data-element_type=\"section\" data-e-type=\"section\">\n\t\t\t\t\t\t<div class=\"elementor-container elementor-column-gap-default\">\n\t\t\t\t\t<div class=\"elementor-column elementor-col-50 elementor-top-column elementor-element elementor-element-9f215fd\" data-id=\"9f215fd\" data-element_type=\"column\" data-e-type=\"column\">\n\t\t\t<div class=\"elementor-widget-wrap elementor-element-populated\">\n\t\t\t\t\t\t<div class=\"elementor-element elementor-element-7a7c6ba elementor-widget elementor-widget-image\" data-id=\"7a7c6ba\" data-element_type=\"widget\" data-e-type=\"widget\" data-widget_type=\"image.default\">\n\t\t\t\t\t\t\t\t\t\t\t\t\t\t\t<img decoding=\"async\" width=\"960\" height=\"540\" src=\"https:\/\/support.fl-ux.co\/wp-content\/uploads\/2024\/07\/video-search-basic.png\" class=\"attachment-large size-large wp-image-3465\" alt=\"\" srcset=\"https:\/\/support.fl-ux.co\/wp-content\/uploads\/2024\/07\/video-search-basic.png 960w, https:\/\/support.fl-ux.co\/wp-content\/uploads\/2024\/07\/video-search-basic-300x169.png 300w, https:\/\/support.fl-ux.co\/wp-content\/uploads\/2024\/07\/video-search-basic-768x432.png 768w, https:\/\/support.fl-ux.co\/wp-content\/uploads\/2024\/07\/video-search-basic-18x10.png 18w\" sizes=\"(max-width: 960px) 100vw, 960px\" \/>\t\t\t\t\t\t\t\t\t\t\t\t\t\t\t<\/div>\n\t\t\t\t\t<\/div>\n\t\t<\/div>\n\t\t\t\t<div class=\"elementor-column elementor-col-50 elementor-top-column elementor-element elementor-element-dc796a7\" data-id=\"dc796a7\" data-element_type=\"column\" data-e-type=\"column\">\n\t\t\t<div class=\"elementor-widget-wrap elementor-element-populated\">\n\t\t\t\t\t\t<div class=\"elementor-element elementor-element-ede7809 elementor-widget elementor-widget-heading\" data-id=\"ede7809\" data-element_type=\"widget\" data-e-type=\"widget\" data-widget_type=\"heading.default\">\n\t\t\t\t\t<p class=\"elementor-heading-title elementor-size-default\">Paso 2. Aplica los filtros<\/p>\t\t\t\t<\/div>\n\t\t\t\t<div class=\"elementor-element elementor-element-628f78a elementor-widget elementor-widget-text-editor\" data-id=\"628f78a\" data-element_type=\"widget\" data-e-type=\"widget\" data-widget_type=\"text-editor.default\">\n\t\t\t\t\t\t\t\t\t<p><span style=\"font-weight: 400;\">Puedes buscar los v\u00eddeos por periodo de tiempo y tipo de pr\u00e1ctica que tengas registrados<\/span><\/p><p><span style=\"font-weight: 400;\">O simplemente escribe una palabra clave en la barra de b\u00fasqueda.<\/span><\/p>\t\t\t\t\t\t\t\t<\/div>\n\t\t\t\t\t<\/div>\n\t\t<\/div>\n\t\t\t\t\t<\/div>\n\t\t<\/section>\n\t\t\t\t<section class=\"elementor-section elementor-top-section elementor-element elementor-element-586d69f elementor-section-boxed elementor-section-height-default elementor-section-height-default\" data-id=\"586d69f\" data-element_type=\"section\" data-e-type=\"section\" data-settings=\"{&quot;background_background&quot;:&quot;classic&quot;}\">\n\t\t\t\t\t\t<div class=\"elementor-container elementor-column-gap-default\">\n\t\t\t\t\t<div class=\"elementor-column elementor-col-100 elementor-top-column elementor-element elementor-element-aa03ca8\" data-id=\"aa03ca8\" data-element_type=\"column\" data-e-type=\"column\">\n\t\t\t<div class=\"elementor-widget-wrap elementor-element-populated\">\n\t\t\t\t\t\t<div class=\"elementor-element elementor-element-822c66e elementor-widget elementor-widget-heading\" data-id=\"822c66e\" data-element_type=\"widget\" data-e-type=\"widget\" data-widget_type=\"heading.default\">\n\t\t\t\t\t<h2 class=\"elementor-heading-title elementor-size-default\">B\u00fasqueda Avanzada de V\u00eddeos<\/h2>\t\t\t\t<\/div>\n\t\t\t\t\t<\/div>\n\t\t<\/div>\n\t\t\t\t\t<\/div>\n\t\t<\/section>\n\t\t\t\t<section class=\"elementor-section elementor-top-section elementor-element elementor-element-e365d93 elementor-section-boxed elementor-section-height-default elementor-section-height-default\" data-id=\"e365d93\" data-element_type=\"section\" data-e-type=\"section\" data-settings=\"{&quot;background_background&quot;:&quot;classic&quot;}\">\n\t\t\t\t\t\t<div class=\"elementor-container elementor-column-gap-default\">\n\t\t\t\t\t<div class=\"elementor-column elementor-col-50 elementor-top-column elementor-element elementor-element-1ea31bf\" data-id=\"1ea31bf\" data-element_type=\"column\" data-e-type=\"column\">\n\t\t\t<div class=\"elementor-widget-wrap elementor-element-populated\">\n\t\t\t\t\t\t<div class=\"elementor-element elementor-element-0b4213e elementor-widget elementor-widget-image\" data-id=\"0b4213e\" data-element_type=\"widget\" data-e-type=\"widget\" data-widget_type=\"image.default\">\n\t\t\t\t\t\t\t\t\t\t\t\t\t\t\t<img decoding=\"async\" width=\"960\" height=\"540\" src=\"https:\/\/support.fl-ux.co\/wp-content\/uploads\/2024\/07\/video-search-2.png\" class=\"attachment-large size-large wp-image-3464\" alt=\"\" srcset=\"https:\/\/support.fl-ux.co\/wp-content\/uploads\/2024\/07\/video-search-2.png 960w, https:\/\/support.fl-ux.co\/wp-content\/uploads\/2024\/07\/video-search-2-300x169.png 300w, https:\/\/support.fl-ux.co\/wp-content\/uploads\/2024\/07\/video-search-2-768x432.png 768w, https:\/\/support.fl-ux.co\/wp-content\/uploads\/2024\/07\/video-search-2-18x10.png 18w\" sizes=\"(max-width: 960px) 100vw, 960px\" \/>\t\t\t\t\t\t\t\t\t\t\t\t\t\t\t<\/div>\n\t\t\t\t\t<\/div>\n\t\t<\/div>\n\t\t\t\t<div class=\"elementor-column elementor-col-50 elementor-top-column elementor-element elementor-element-7a61a0d\" data-id=\"7a61a0d\" data-element_type=\"column\" data-e-type=\"column\">\n\t\t\t<div class=\"elementor-widget-wrap elementor-element-populated\">\n\t\t\t\t\t\t<div class=\"elementor-element elementor-element-f6275d0 elementor-widget elementor-widget-heading\" data-id=\"f6275d0\" data-element_type=\"widget\" data-e-type=\"widget\" data-widget_type=\"heading.default\">\n\t\t\t\t\t<p class=\"elementor-heading-title elementor-size-default\">B\u00fasqueda de Videos<\/p>\t\t\t\t<\/div>\n\t\t\t\t<div class=\"elementor-element elementor-element-079c571 elementor-widget elementor-widget-text-editor\" data-id=\"079c571\" data-element_type=\"widget\" data-e-type=\"widget\" data-widget_type=\"text-editor.default\">\n\t\t\t\t\t\t\t\t\t<p><span style=\"font-weight: 400;\">Haz clic en el \u00edcono del calendario en la parte superior izquierda de la p\u00e1gina para abrir la b\u00fasqueda de videos.<\/span><\/p>\t\t\t\t\t\t\t\t<\/div>\n\t\t\t\t\t<\/div>\n\t\t<\/div>\n\t\t\t\t\t<\/div>\n\t\t<\/section>\n\t\t\t\t<section class=\"elementor-section elementor-top-section elementor-element elementor-element-e094bdd elementor-section-boxed elementor-section-height-default elementor-section-height-default\" data-id=\"e094bdd\" data-element_type=\"section\" data-e-type=\"section\" data-settings=\"{&quot;background_background&quot;:&quot;classic&quot;}\">\n\t\t\t\t\t\t<div class=\"elementor-container elementor-column-gap-default\">\n\t\t\t\t\t<div class=\"elementor-column elementor-col-50 elementor-top-column elementor-element elementor-element-ab3d45c\" data-id=\"ab3d45c\" data-element_type=\"column\" data-e-type=\"column\">\n\t\t\t<div class=\"elementor-widget-wrap elementor-element-populated\">\n\t\t\t\t\t\t<div class=\"elementor-element elementor-element-7ad1506 elementor-widget elementor-widget-image\" data-id=\"7ad1506\" data-element_type=\"widget\" data-e-type=\"widget\" data-widget_type=\"image.default\">\n\t\t\t\t\t\t\t\t\t\t\t\t\t\t\t<img loading=\"lazy\" decoding=\"async\" width=\"960\" height=\"540\" src=\"https:\/\/support.fl-ux.co\/wp-content\/uploads\/2024\/07\/video-search-match.png\" class=\"attachment-large size-large wp-image-3466\" alt=\"\" srcset=\"https:\/\/support.fl-ux.co\/wp-content\/uploads\/2024\/07\/video-search-match.png 960w, https:\/\/support.fl-ux.co\/wp-content\/uploads\/2024\/07\/video-search-match-300x169.png 300w, https:\/\/support.fl-ux.co\/wp-content\/uploads\/2024\/07\/video-search-match-768x432.png 768w, https:\/\/support.fl-ux.co\/wp-content\/uploads\/2024\/07\/video-search-match-18x10.png 18w\" sizes=\"(max-width: 960px) 100vw, 960px\" \/>\t\t\t\t\t\t\t\t\t\t\t\t\t\t\t<\/div>\n\t\t\t\t\t<\/div>\n\t\t<\/div>\n\t\t\t\t<div class=\"elementor-column elementor-col-50 elementor-top-column elementor-element elementor-element-f99e645\" data-id=\"f99e645\" data-element_type=\"column\" data-e-type=\"column\">\n\t\t\t<div class=\"elementor-widget-wrap elementor-element-populated\">\n\t\t\t\t\t\t<div class=\"elementor-element elementor-element-27d0474 elementor-widget elementor-widget-heading\" data-id=\"27d0474\" data-element_type=\"widget\" data-e-type=\"widget\" data-widget_type=\"heading.default\">\n\t\t\t\t\t<p class=\"elementor-heading-title elementor-size-default\">Filtro de Partido<\/p>\t\t\t\t<\/div>\n\t\t\t\t<div class=\"elementor-element elementor-element-ad91e2e elementor-widget elementor-widget-text-editor\" data-id=\"ad91e2e\" data-element_type=\"widget\" data-e-type=\"widget\" data-widget_type=\"text-editor.default\">\n\t\t\t\t\t\t\t\t\t<p><span style=\"font-weight: 400;\">Selecciona MATCH en la parte superior izquierda\u00a0<\/span><\/p><p><span style=\"font-weight: 400;\">Filtrar por equipos o tipo de partidos que tienes registrados<\/span><\/p><p><span style=\"font-weight: 400;\">Los resultados se muestran en el lado derecho de la p\u00e1gina.<\/span><\/p>\t\t\t\t\t\t\t\t<\/div>\n\t\t\t\t\t<\/div>\n\t\t<\/div>\n\t\t\t\t\t<\/div>\n\t\t<\/section>\n\t\t\t\t<section class=\"elementor-section elementor-top-section elementor-element elementor-element-801e636 elementor-section-boxed elementor-section-height-default elementor-section-height-default\" data-id=\"801e636\" data-element_type=\"section\" data-e-type=\"section\" data-settings=\"{&quot;background_background&quot;:&quot;classic&quot;}\">\n\t\t\t\t\t\t<div class=\"elementor-container elementor-column-gap-default\">\n\t\t\t\t\t<div class=\"elementor-column elementor-col-50 elementor-top-column elementor-element elementor-element-627f4a8\" data-id=\"627f4a8\" data-element_type=\"column\" data-e-type=\"column\">\n\t\t\t<div class=\"elementor-widget-wrap elementor-element-populated\">\n\t\t\t\t\t\t<div class=\"elementor-element elementor-element-e3450a0 elementor-widget elementor-widget-image\" data-id=\"e3450a0\" data-element_type=\"widget\" data-e-type=\"widget\" data-widget_type=\"image.default\">\n\t\t\t\t\t\t\t\t\t\t\t\t\t\t\t<img loading=\"lazy\" decoding=\"async\" width=\"960\" height=\"540\" src=\"https:\/\/support.fl-ux.co\/wp-content\/uploads\/2024\/07\/video-search-practice.png\" class=\"attachment-large size-large wp-image-3467\" alt=\"\" srcset=\"https:\/\/support.fl-ux.co\/wp-content\/uploads\/2024\/07\/video-search-practice.png 960w, https:\/\/support.fl-ux.co\/wp-content\/uploads\/2024\/07\/video-search-practice-300x169.png 300w, https:\/\/support.fl-ux.co\/wp-content\/uploads\/2024\/07\/video-search-practice-768x432.png 768w, https:\/\/support.fl-ux.co\/wp-content\/uploads\/2024\/07\/video-search-practice-18x10.png 18w\" sizes=\"(max-width: 960px) 100vw, 960px\" \/>\t\t\t\t\t\t\t\t\t\t\t\t\t\t\t<\/div>\n\t\t\t\t\t<\/div>\n\t\t<\/div>\n\t\t\t\t<div class=\"elementor-column elementor-col-50 elementor-top-column elementor-element elementor-element-60b76bc\" data-id=\"60b76bc\" data-element_type=\"column\" data-e-type=\"column\">\n\t\t\t<div class=\"elementor-widget-wrap elementor-element-populated\">\n\t\t\t\t\t\t<div class=\"elementor-element elementor-element-b547bc6 elementor-widget elementor-widget-heading\" data-id=\"b547bc6\" data-element_type=\"widget\" data-e-type=\"widget\" data-widget_type=\"heading.default\">\n\t\t\t\t\t<p class=\"elementor-heading-title elementor-size-default\">Filtro de Entrenamiento<\/p>\t\t\t\t<\/div>\n\t\t\t\t<div class=\"elementor-element elementor-element-7778092 elementor-widget elementor-widget-text-editor\" data-id=\"7778092\" data-element_type=\"widget\" data-e-type=\"widget\" data-widget_type=\"text-editor.default\">\n\t\t\t\t\t\t\t\t\t<p><span style=\"font-weight: 400;\">Selecciona PRACTICE en la parte superior izquierda\u00a0<\/span><\/p><p><span style=\"font-weight: 400;\">Filtrar por tipos de entrenamientos que tienes registrados<\/span><\/p><p><span style=\"font-weight: 400;\">Los resultados se muestran en el lado derecho de la p\u00e1gina.<\/span><\/p>\t\t\t\t\t\t\t\t<\/div>\n\t\t\t\t\t<\/div>\n\t\t<\/div>\n\t\t\t\t\t<\/div>\n\t\t<\/section>\n\t\t\t\t<\/div>","protected":false},"excerpt":{"rendered":"<p>Video Search Basic Video Search Step 1. Open Filters Click on the upside-down triangle towards the top right of the page to open video search filters Step 2. Apply Filters You can search the videos by time period and type of practice you have registered Or simply type a keyword in the search bar Advanced [&hellip;]<\/p>\n","protected":false},"author":1,"featured_media":0,"parent":1946,"menu_order":0,"comment_status":"closed","ping_status":"closed","template":"","meta":{"site-sidebar-layout":"no-sidebar","site-content-layout":"page-builder","ast-site-content-layout":"full-width-container","site-content-style":"default","site-sidebar-style":"default","ast-global-header-display":"","ast-banner-title-visibility":"","ast-main-header-display":"","ast-hfb-above-header-display":"","ast-hfb-below-header-display":"","ast-hfb-mobile-header-display":"","site-post-title":"disabled","ast-breadcrumbs-content":"","ast-featured-img":"disabled","footer-sml-layout":"","ast-disable-related-posts":"","theme-transparent-header-meta":"","adv-header-id-meta":"","stick-header-meta":"","header-above-stick-meta":"","header-main-stick-meta":"","header-below-stick-meta":"","astra-migrate-meta-layouts":"set","ast-page-background-enabled":"default","ast-page-background-meta":{"desktop":{"background-color":"","background-image":"","background-repeat":"repeat","background-position":"center center","background-size":"auto","background-attachment":"scroll","background-type":"","background-media":"","overlay-type":"","overlay-color":"","overlay-opacity":"","overlay-gradient":""},"tablet":{"background-color":"","background-image":"","background-repeat":"repeat","background-position":"center center","background-size":"auto","background-attachment":"scroll","background-type":"","background-media":"","overlay-type":"","overlay-color":"","overlay-opacity":"","overlay-gradient":""},"mobile":{"background-color":"","background-image":"","background-repeat":"repeat","background-position":"center center","background-size":"auto","background-attachment":"scroll","background-type":"","background-media":"","overlay-type":"","overlay-color":"","overlay-opacity":"","overlay-gradient":""}},"ast-content-background-meta":{"desktop":{"background-color":"var(--ast-global-color-5)","background-image":"","background-repeat":"repeat","background-position":"center center","background-size":"auto","background-attachment":"scroll","background-type":"","background-media":"","overlay-type":"","overlay-color":"","overlay-opacity":"","overlay-gradient":""},"tablet":{"background-color":"var(--ast-global-color-5)","background-image":"","background-repeat":"repeat","background-position":"center center","background-size":"auto","background-attachment":"scroll","background-type":"","background-media":"","overlay-type":"","overlay-color":"","overlay-opacity":"","overlay-gradient":""},"mobile":{"background-color":"var(--ast-global-color-5)","background-image":"","background-repeat":"repeat","background-position":"center center","background-size":"auto","background-attachment":"scroll","background-type":"","background-media":"","overlay-type":"","overlay-color":"","overlay-opacity":"","overlay-gradient":""}},"footnotes":""},"class_list":["post-3458","page","type-page","status-publish","hentry"],"aioseo_notices":[],"_links":{"self":[{"href":"https:\/\/support.fl-ux.co\/es\/wp-json\/wp\/v2\/pages\/3458","targetHints":{"allow":["GET"]}}],"collection":[{"href":"https:\/\/support.fl-ux.co\/es\/wp-json\/wp\/v2\/pages"}],"about":[{"href":"https:\/\/support.fl-ux.co\/es\/wp-json\/wp\/v2\/types\/page"}],"author":[{"embeddable":true,"href":"https:\/\/support.fl-ux.co\/es\/wp-json\/wp\/v2\/users\/1"}],"replies":[{"embeddable":true,"href":"https:\/\/support.fl-ux.co\/es\/wp-json\/wp\/v2\/comments?post=3458"}],"version-history":[{"count":7,"href":"https:\/\/support.fl-ux.co\/es\/wp-json\/wp\/v2\/pages\/3458\/revisions"}],"predecessor-version":[{"id":3473,"href":"https:\/\/support.fl-ux.co\/es\/wp-json\/wp\/v2\/pages\/3458\/revisions\/3473"}],"up":[{"embeddable":true,"href":"https:\/\/support.fl-ux.co\/es\/wp-json\/wp\/v2\/pages\/1946"}],"wp:attachment":[{"href":"https:\/\/support.fl-ux.co\/es\/wp-json\/wp\/v2\/media?parent=3458"}],"curies":[{"name":"wp","href":"https:\/\/api.w.org\/{rel}","templated":true}]}}