{"id":3327,"date":"2024-07-02T12:54:16","date_gmt":"2024-07-02T12:54:16","guid":{"rendered":"https:\/\/support.fl-ux.co\/?page_id=3327"},"modified":"2024-08-05T10:22:55","modified_gmt":"2024-08-05T10:22:55","slug":"custom-layout","status":"publish","type":"page","link":"https:\/\/support.fl-ux.co\/es\/home\/user-manual\/custom-layout\/","title":{"rendered":"Dise\u00f1o Personalizado"},"content":{"rendered":"<div data-elementor-type=\"wp-page\" data-elementor-id=\"3327\" class=\"elementor elementor-3327\">\n\t\t\t\t\t\t<section class=\"elementor-section elementor-top-section elementor-element elementor-element-419ad85 elementor-section-height-min-height elementor-section-boxed elementor-section-height-default elementor-section-items-middle\" data-id=\"419ad85\" data-element_type=\"section\" data-e-type=\"section\" data-settings=\"{&quot;background_background&quot;:&quot;classic&quot;}\">\n\t\t\t\t\t\t<div class=\"elementor-container elementor-column-gap-default\">\n\t\t\t\t\t<div class=\"elementor-column elementor-col-100 elementor-top-column elementor-element elementor-element-d0fa11e\" data-id=\"d0fa11e\" data-element_type=\"column\" data-e-type=\"column\">\n\t\t\t<div class=\"elementor-widget-wrap elementor-element-populated\">\n\t\t\t\t\t\t<div class=\"elementor-element elementor-element-4624a3e elementor-widget elementor-widget-heading\" data-id=\"4624a3e\" data-element_type=\"widget\" data-e-type=\"widget\" data-widget_type=\"heading.default\">\n\t\t\t\t\t<h1 class=\"elementor-heading-title elementor-size-default\">Dise\u00f1o Personalizado<\/h1>\t\t\t\t<\/div>\n\t\t\t\t\t<\/div>\n\t\t<\/div>\n\t\t\t\t\t<\/div>\n\t\t<\/section>\n\t\t\t\t<section class=\"elementor-section elementor-top-section elementor-element elementor-element-20ec033 elementor-section-boxed elementor-section-height-default elementor-section-height-default\" data-id=\"20ec033\" data-element_type=\"section\" data-e-type=\"section\">\n\t\t\t\t\t\t<div class=\"elementor-container elementor-column-gap-default\">\n\t\t\t\t\t<div class=\"elementor-column elementor-col-100 elementor-top-column elementor-element elementor-element-dec172a\" data-id=\"dec172a\" data-element_type=\"column\" data-e-type=\"column\">\n\t\t\t<div class=\"elementor-widget-wrap elementor-element-populated\">\n\t\t\t\t\t\t<div class=\"elementor-element elementor-element-b27cb01 elementor-widget elementor-widget-heading\" data-id=\"b27cb01\" data-element_type=\"widget\" data-e-type=\"widget\" data-widget_type=\"heading.default\">\n\t\t\t\t\t<h2 class=\"elementor-heading-title elementor-size-default\">Ajustar el Dise\u00f1o Predeterminado<\/h2>\t\t\t\t<\/div>\n\t\t\t\t\t<\/div>\n\t\t<\/div>\n\t\t\t\t\t<\/div>\n\t\t<\/section>\n\t\t\t\t<section class=\"elementor-section elementor-top-section elementor-element elementor-element-c8aff88 elementor-section-boxed elementor-section-height-default elementor-section-height-default\" data-id=\"c8aff88\" data-element_type=\"section\" data-e-type=\"section\">\n\t\t\t\t\t\t<div class=\"elementor-container elementor-column-gap-default\">\n\t\t\t\t\t<div class=\"elementor-column elementor-col-50 elementor-top-column elementor-element elementor-element-e41804d\" data-id=\"e41804d\" data-element_type=\"column\" data-e-type=\"column\">\n\t\t\t<div class=\"elementor-widget-wrap elementor-element-populated\">\n\t\t\t\t\t\t<div class=\"elementor-element elementor-element-b204f6c elementor-widget elementor-widget-image\" data-id=\"b204f6c\" data-element_type=\"widget\" data-e-type=\"widget\" data-widget_type=\"image.default\">\n\t\t\t\t\t\t\t\t\t\t\t\t\t\t\t<img fetchpriority=\"high\" decoding=\"async\" width=\"960\" height=\"600\" src=\"https:\/\/support.fl-ux.co\/wp-content\/uploads\/2024\/07\/adjust-layout.png\" class=\"attachment-large size-large wp-image-3357\" alt=\"\" srcset=\"https:\/\/support.fl-ux.co\/wp-content\/uploads\/2024\/07\/adjust-layout.png 960w, https:\/\/support.fl-ux.co\/wp-content\/uploads\/2024\/07\/adjust-layout-300x188.png 300w, https:\/\/support.fl-ux.co\/wp-content\/uploads\/2024\/07\/adjust-layout-768x480.png 768w, https:\/\/support.fl-ux.co\/wp-content\/uploads\/2024\/07\/adjust-layout-18x12.png 18w\" sizes=\"(max-width: 960px) 100vw, 960px\" \/>\t\t\t\t\t\t\t\t\t\t\t\t\t\t\t<\/div>\n\t\t\t\t\t<\/div>\n\t\t<\/div>\n\t\t\t\t<div class=\"elementor-column elementor-col-50 elementor-top-column elementor-element elementor-element-3ff9335\" data-id=\"3ff9335\" data-element_type=\"column\" data-e-type=\"column\">\n\t\t\t<div class=\"elementor-widget-wrap elementor-element-populated\">\n\t\t\t\t\t\t<div class=\"elementor-element elementor-element-aa4b19a elementor-widget elementor-widget-heading\" data-id=\"aa4b19a\" data-element_type=\"widget\" data-e-type=\"widget\" data-widget_type=\"heading.default\">\n\t\t\t\t\t<p class=\"elementor-heading-title elementor-size-default\">Paso 1. Arrastra los bordes<\/p>\t\t\t\t<\/div>\n\t\t\t\t<div class=\"elementor-element elementor-element-eed7299 elementor-widget elementor-widget-text-editor\" data-id=\"eed7299\" data-element_type=\"widget\" data-e-type=\"widget\" data-widget_type=\"text-editor.default\">\n\t\t\t\t\t\t\t\t\t<p>Coloca el cursor cerca de los bordes de cada secci\u00f3n y arr\u00e1strelo para ajustar los tama\u00f1os del panel.\u00a0<\/p><p>Puedes arrastrar las l\u00edneas amarillas que se muestran a la izquierda (solo disponible cuando usas un navegador)<\/p>\t\t\t\t\t\t\t\t<\/div>\n\t\t\t\t\t<\/div>\n\t\t<\/div>\n\t\t\t\t\t<\/div>\n\t\t<\/section>\n\t\t\t\t<section class=\"elementor-section elementor-top-section elementor-element elementor-element-7acda72 elementor-section-boxed elementor-section-height-default elementor-section-height-default\" data-id=\"7acda72\" data-element_type=\"section\" data-e-type=\"section\" data-settings=\"{&quot;background_background&quot;:&quot;classic&quot;}\">\n\t\t\t\t\t\t<div class=\"elementor-container elementor-column-gap-default\">\n\t\t\t\t\t<div class=\"elementor-column elementor-col-100 elementor-top-column elementor-element elementor-element-15fa9e6\" data-id=\"15fa9e6\" data-element_type=\"column\" data-e-type=\"column\">\n\t\t\t<div class=\"elementor-widget-wrap elementor-element-populated\">\n\t\t\t\t\t\t<div class=\"elementor-element elementor-element-cbb6e34 elementor-widget elementor-widget-heading\" data-id=\"cbb6e34\" data-element_type=\"widget\" data-e-type=\"widget\" data-widget_type=\"heading.default\">\n\t\t\t\t\t<h2 class=\"elementor-heading-title elementor-size-default\">Entrar en Pantalla Completa<\/h2>\t\t\t\t<\/div>\n\t\t\t\t\t<\/div>\n\t\t<\/div>\n\t\t\t\t\t<\/div>\n\t\t<\/section>\n\t\t\t\t<section class=\"elementor-section elementor-top-section elementor-element elementor-element-f5e7648 elementor-section-boxed elementor-section-height-default elementor-section-height-default\" data-id=\"f5e7648\" data-element_type=\"section\" data-e-type=\"section\" data-settings=\"{&quot;background_background&quot;:&quot;classic&quot;}\">\n\t\t\t\t\t\t<div class=\"elementor-container elementor-column-gap-default\">\n\t\t\t\t\t<div class=\"elementor-column elementor-col-50 elementor-top-column elementor-element elementor-element-4d57f00\" data-id=\"4d57f00\" data-element_type=\"column\" data-e-type=\"column\">\n\t\t\t<div class=\"elementor-widget-wrap elementor-element-populated\">\n\t\t\t\t\t\t<div class=\"elementor-element elementor-element-0253e16 elementor-widget elementor-widget-image\" data-id=\"0253e16\" data-element_type=\"widget\" data-e-type=\"widget\" data-widget_type=\"image.default\">\n\t\t\t\t\t\t\t\t\t\t\t\t\t\t\t<img decoding=\"async\" width=\"1024\" height=\"576\" src=\"https:\/\/support.fl-ux.co\/wp-content\/uploads\/2022\/08\/scene-start-btn-1024x576.png\" class=\"attachment-large size-large wp-image-2147\" alt=\"\" srcset=\"https:\/\/support.fl-ux.co\/wp-content\/uploads\/2022\/08\/scene-start-btn-1024x576.png 1024w, https:\/\/support.fl-ux.co\/wp-content\/uploads\/2022\/08\/scene-start-btn-300x169.png 300w, https:\/\/support.fl-ux.co\/wp-content\/uploads\/2022\/08\/scene-start-btn-768x432.png 768w, https:\/\/support.fl-ux.co\/wp-content\/uploads\/2022\/08\/scene-start-btn-18x10.png 18w, https:\/\/support.fl-ux.co\/wp-content\/uploads\/2022\/08\/scene-start-btn.png 1280w\" sizes=\"(max-width: 1024px) 100vw, 1024px\" \/>\t\t\t\t\t\t\t\t\t\t\t\t\t\t\t<\/div>\n\t\t\t\t\t<\/div>\n\t\t<\/div>\n\t\t\t\t<div class=\"elementor-column elementor-col-50 elementor-top-column elementor-element elementor-element-4adb7fe\" data-id=\"4adb7fe\" data-element_type=\"column\" data-e-type=\"column\">\n\t\t\t<div class=\"elementor-widget-wrap elementor-element-populated\">\n\t\t\t\t\t\t<div class=\"elementor-element elementor-element-0133da0 elementor-widget elementor-widget-heading\" data-id=\"0133da0\" data-element_type=\"widget\" data-e-type=\"widget\" data-widget_type=\"heading.default\">\n\t\t\t\t\t<p class=\"elementor-heading-title elementor-size-default\">Paso 1. Entra en pantalla completa<\/p>\t\t\t\t<\/div>\n\t\t\t\t<div class=\"elementor-element elementor-element-6cbd84b elementor-widget elementor-widget-text-editor\" data-id=\"6cbd84b\" data-element_type=\"widget\" data-e-type=\"widget\" data-widget_type=\"text-editor.default\">\n\t\t\t\t\t\t\t\t\t<p>Haz clic en el bot\u00f3n ubicado en la parte inferior derecha del video para ingresar a pantalla completa<\/p>\t\t\t\t\t\t\t\t<\/div>\n\t\t\t\t\t<\/div>\n\t\t<\/div>\n\t\t\t\t\t<\/div>\n\t\t<\/section>\n\t\t\t\t<section class=\"elementor-section elementor-top-section elementor-element elementor-element-093f86f elementor-section-boxed elementor-section-height-default elementor-section-height-default\" data-id=\"093f86f\" data-element_type=\"section\" data-e-type=\"section\" data-settings=\"{&quot;background_background&quot;:&quot;classic&quot;}\">\n\t\t\t\t\t\t<div class=\"elementor-container elementor-column-gap-default\">\n\t\t\t\t\t<div class=\"elementor-column elementor-col-50 elementor-top-column elementor-element elementor-element-50c6d61\" data-id=\"50c6d61\" data-element_type=\"column\" data-e-type=\"column\">\n\t\t\t<div class=\"elementor-widget-wrap elementor-element-populated\">\n\t\t\t\t\t\t<div class=\"elementor-element elementor-element-bf5b8e9 elementor-widget elementor-widget-image\" data-id=\"bf5b8e9\" data-element_type=\"widget\" data-e-type=\"widget\" data-widget_type=\"image.default\">\n\t\t\t\t\t\t\t\t\t\t\t\t\t\t\t<img decoding=\"async\" width=\"1024\" height=\"640\" src=\"https:\/\/support.fl-ux.co\/wp-content\/uploads\/2024\/07\/full-screen-1024x640.png\" class=\"attachment-large size-large wp-image-3358\" alt=\"\" srcset=\"https:\/\/support.fl-ux.co\/wp-content\/uploads\/2024\/07\/full-screen-1024x640.png 1024w, https:\/\/support.fl-ux.co\/wp-content\/uploads\/2024\/07\/full-screen-300x188.png 300w, https:\/\/support.fl-ux.co\/wp-content\/uploads\/2024\/07\/full-screen-768x480.png 768w, https:\/\/support.fl-ux.co\/wp-content\/uploads\/2024\/07\/full-screen-1536x960.png 1536w, https:\/\/support.fl-ux.co\/wp-content\/uploads\/2024\/07\/full-screen-2048x1280.png 2048w, https:\/\/support.fl-ux.co\/wp-content\/uploads\/2024\/07\/full-screen-18x12.png 18w\" sizes=\"(max-width: 1024px) 100vw, 1024px\" \/>\t\t\t\t\t\t\t\t\t\t\t\t\t\t\t<\/div>\n\t\t\t\t\t<\/div>\n\t\t<\/div>\n\t\t\t\t<div class=\"elementor-column elementor-col-50 elementor-top-column elementor-element elementor-element-9b5df3a\" data-id=\"9b5df3a\" data-element_type=\"column\" data-e-type=\"column\">\n\t\t\t<div class=\"elementor-widget-wrap elementor-element-populated\">\n\t\t\t\t\t\t<div class=\"elementor-element elementor-element-16ba8f2 elementor-widget elementor-widget-heading\" data-id=\"16ba8f2\" data-element_type=\"widget\" data-e-type=\"widget\" data-widget_type=\"heading.default\">\n\t\t\t\t\t<p class=\"elementor-heading-title elementor-size-default\">Paso 2. Separa el video y el tabelro de etiquetado<\/p>\t\t\t\t<\/div>\n\t\t\t\t<div class=\"elementor-element elementor-element-984e510 elementor-widget elementor-widget-text-editor\" data-id=\"984e510\" data-element_type=\"widget\" data-e-type=\"widget\" data-widget_type=\"text-editor.default\">\n\t\t\t\t\t\t\t\t\t<p>Haz clic en ENTRADA para separar el video y el tablero de etiquetado. Arrastre cada ventana para colocarla en tus pantallas y maximizar el uso del espacio de tu monitor.<\/p>\t\t\t\t\t\t\t\t<\/div>\n\t\t\t\t\t<\/div>\n\t\t<\/div>\n\t\t\t\t\t<\/div>\n\t\t<\/section>\n\t\t\t\t<section class=\"elementor-section elementor-top-section elementor-element elementor-element-32a8306 elementor-section-boxed elementor-section-height-default elementor-section-height-default\" data-id=\"32a8306\" data-element_type=\"section\" data-e-type=\"section\" data-settings=\"{&quot;background_background&quot;:&quot;classic&quot;}\">\n\t\t\t\t\t\t<div class=\"elementor-container elementor-column-gap-default\">\n\t\t\t\t\t<div class=\"elementor-column elementor-col-100 elementor-top-column elementor-element elementor-element-f7a51ac\" data-id=\"f7a51ac\" data-element_type=\"column\" data-e-type=\"column\">\n\t\t\t<div class=\"elementor-widget-wrap elementor-element-populated\">\n\t\t\t\t\t\t<div class=\"elementor-element elementor-element-5c60b8e elementor-widget elementor-widget-heading\" data-id=\"5c60b8e\" data-element_type=\"widget\" data-e-type=\"widget\" data-widget_type=\"heading.default\">\n\t\t\t\t\t<h2 class=\"elementor-heading-title elementor-size-default\">Ver Video Tutorial<\/h2>\t\t\t\t<\/div>\n\t\t\t\t<div class=\"elementor-element elementor-element-e7168dc elementor-widget elementor-widget-video\" data-id=\"e7168dc\" data-element_type=\"widget\" data-e-type=\"widget\" data-settings=\"{&quot;youtube_url&quot;:&quot;https:\\\/\\\/youtu.be\\\/WUVCFI-hBZU&quot;,&quot;video_type&quot;:&quot;youtube&quot;,&quot;controls&quot;:&quot;yes&quot;}\" data-widget_type=\"video.default\">\n\t\t\t\t\t\t\t<div class=\"elementor-wrapper elementor-open-inline\">\n\t\t\t<div class=\"elementor-video\"><\/div>\t\t<\/div>\n\t\t\t\t\t\t<\/div>\n\t\t\t\t\t<\/div>\n\t\t<\/div>\n\t\t\t\t\t<\/div>\n\t\t<\/section>\n\t\t\t\t<\/div>","protected":false},"excerpt":{"rendered":"<p>Custom layout Adjust the Default Layout Step 1. Drag on the Edges Place the cursor near the edges of each section and drag it to adjust the panel sizes.\u00a0 You can drag on the yellow lines shown on the left (only available when using a browser) Enter Full Screen Step 1. Enter Full Screen Click [&hellip;]<\/p>\n","protected":false},"author":1,"featured_media":0,"parent":1946,"menu_order":0,"comment_status":"closed","ping_status":"closed","template":"","meta":{"site-sidebar-layout":"no-sidebar","site-content-layout":"page-builder","ast-site-content-layout":"full-width-container","site-content-style":"default","site-sidebar-style":"default","ast-global-header-display":"","ast-banner-title-visibility":"","ast-main-header-display":"","ast-hfb-above-header-display":"","ast-hfb-below-header-display":"","ast-hfb-mobile-header-display":"","site-post-title":"disabled","ast-breadcrumbs-content":"","ast-featured-img":"disabled","footer-sml-layout":"","ast-disable-related-posts":"","theme-transparent-header-meta":"","adv-header-id-meta":"","stick-header-meta":"","header-above-stick-meta":"","header-main-stick-meta":"","header-below-stick-meta":"","astra-migrate-meta-layouts":"set","ast-page-background-enabled":"default","ast-page-background-meta":{"desktop":{"background-color":"","background-image":"","background-repeat":"repeat","background-position":"center center","background-size":"auto","background-attachment":"scroll","background-type":"","background-media":"","overlay-type":"","overlay-color":"","overlay-opacity":"","overlay-gradient":""},"tablet":{"background-color":"","background-image":"","background-repeat":"repeat","background-position":"center center","background-size":"auto","background-attachment":"scroll","background-type":"","background-media":"","overlay-type":"","overlay-color":"","overlay-opacity":"","overlay-gradient":""},"mobile":{"background-color":"","background-image":"","background-repeat":"repeat","background-position":"center center","background-size":"auto","background-attachment":"scroll","background-type":"","background-media":"","overlay-type":"","overlay-color":"","overlay-opacity":"","overlay-gradient":""}},"ast-content-background-meta":{"desktop":{"background-color":"var(--ast-global-color-5)","background-image":"","background-repeat":"repeat","background-position":"center center","background-size":"auto","background-attachment":"scroll","background-type":"","background-media":"","overlay-type":"","overlay-color":"","overlay-opacity":"","overlay-gradient":""},"tablet":{"background-color":"var(--ast-global-color-5)","background-image":"","background-repeat":"repeat","background-position":"center center","background-size":"auto","background-attachment":"scroll","background-type":"","background-media":"","overlay-type":"","overlay-color":"","overlay-opacity":"","overlay-gradient":""},"mobile":{"background-color":"var(--ast-global-color-5)","background-image":"","background-repeat":"repeat","background-position":"center center","background-size":"auto","background-attachment":"scroll","background-type":"","background-media":"","overlay-type":"","overlay-color":"","overlay-opacity":"","overlay-gradient":""}},"footnotes":""},"class_list":["post-3327","page","type-page","status-publish","hentry"],"aioseo_notices":[],"_links":{"self":[{"href":"https:\/\/support.fl-ux.co\/es\/wp-json\/wp\/v2\/pages\/3327","targetHints":{"allow":["GET"]}}],"collection":[{"href":"https:\/\/support.fl-ux.co\/es\/wp-json\/wp\/v2\/pages"}],"about":[{"href":"https:\/\/support.fl-ux.co\/es\/wp-json\/wp\/v2\/types\/page"}],"author":[{"embeddable":true,"href":"https:\/\/support.fl-ux.co\/es\/wp-json\/wp\/v2\/users\/1"}],"replies":[{"embeddable":true,"href":"https:\/\/support.fl-ux.co\/es\/wp-json\/wp\/v2\/comments?post=3327"}],"version-history":[{"count":14,"href":"https:\/\/support.fl-ux.co\/es\/wp-json\/wp\/v2\/pages\/3327\/revisions"}],"predecessor-version":[{"id":3608,"href":"https:\/\/support.fl-ux.co\/es\/wp-json\/wp\/v2\/pages\/3327\/revisions\/3608"}],"up":[{"embeddable":true,"href":"https:\/\/support.fl-ux.co\/es\/wp-json\/wp\/v2\/pages\/1946"}],"wp:attachment":[{"href":"https:\/\/support.fl-ux.co\/es\/wp-json\/wp\/v2\/media?parent=3327"}],"curies":[{"name":"wp","href":"https:\/\/api.w.org\/{rel}","templated":true}]}}