{"id":2378,"date":"2022-09-01T13:39:50","date_gmt":"2022-09-01T13:39:50","guid":{"rendered":"https:\/\/support.fl-ux.co\/?page_id=2378"},"modified":"2024-07-31T09:34:55","modified_gmt":"2024-07-31T09:34:55","slug":"tagging","status":"publish","type":"page","link":"https:\/\/support.fl-ux.co\/es\/user-manual\/tagging\/","title":{"rendered":"Etiquetar"},"content":{"rendered":"<div data-elementor-type=\"wp-page\" data-elementor-id=\"2378\" class=\"elementor elementor-2378\">\n\t\t\t\t\t\t<section class=\"elementor-section elementor-top-section elementor-element elementor-element-2ac7cd62 elementor-section-height-min-height elementor-section-boxed elementor-section-height-default elementor-section-items-middle\" data-id=\"2ac7cd62\" data-element_type=\"section\" data-e-type=\"section\" data-settings=\"{&quot;background_background&quot;:&quot;classic&quot;}\">\n\t\t\t\t\t\t<div class=\"elementor-container elementor-column-gap-default\">\n\t\t\t\t\t<div class=\"elementor-column elementor-col-100 elementor-top-column elementor-element elementor-element-7c22b348\" data-id=\"7c22b348\" data-element_type=\"column\" data-e-type=\"column\">\n\t\t\t<div class=\"elementor-widget-wrap elementor-element-populated\">\n\t\t\t\t\t\t<div class=\"elementor-element elementor-element-47786787 elementor-widget elementor-widget-heading\" data-id=\"47786787\" data-element_type=\"widget\" data-e-type=\"widget\" data-widget_type=\"heading.default\">\n\t\t\t\t\t<h1 class=\"elementor-heading-title elementor-size-default\">Etiquetar<\/h1>\t\t\t\t<\/div>\n\t\t\t\t\t<\/div>\n\t\t<\/div>\n\t\t\t\t\t<\/div>\n\t\t<\/section>\n\t\t\t\t<section class=\"elementor-section elementor-top-section elementor-element elementor-element-35ae4bf1 elementor-section-boxed elementor-section-height-default elementor-section-height-default\" data-id=\"35ae4bf1\" data-element_type=\"section\" data-e-type=\"section\" id=\"1st-2nd-half\">\n\t\t\t\t\t\t<div class=\"elementor-container elementor-column-gap-default\">\n\t\t\t\t\t<div class=\"elementor-column elementor-col-100 elementor-top-column elementor-element elementor-element-51d61524\" data-id=\"51d61524\" data-element_type=\"column\" data-e-type=\"column\">\n\t\t\t<div class=\"elementor-widget-wrap elementor-element-populated\">\n\t\t\t\t\t\t<div class=\"elementor-element elementor-element-449954c6 elementor-widget elementor-widget-heading\" data-id=\"449954c6\" data-element_type=\"widget\" data-e-type=\"widget\" data-widget_type=\"heading.default\">\n\t\t\t\t\t<h2 class=\"elementor-heading-title elementor-size-default\">Primero Tiempo y Segundo Tiempo <\/h2>\t\t\t\t<\/div>\n\t\t\t\t\t<\/div>\n\t\t<\/div>\n\t\t\t\t\t<\/div>\n\t\t<\/section>\n\t\t\t\t<section class=\"elementor-section elementor-top-section elementor-element elementor-element-29df9272 elementor-section-boxed elementor-section-height-default elementor-section-height-default\" data-id=\"29df9272\" data-element_type=\"section\" data-e-type=\"section\">\n\t\t\t\t\t\t<div class=\"elementor-container elementor-column-gap-default\">\n\t\t\t\t\t<div class=\"elementor-column elementor-col-50 elementor-top-column elementor-element elementor-element-459e6219\" data-id=\"459e6219\" data-element_type=\"column\" data-e-type=\"column\">\n\t\t\t<div class=\"elementor-widget-wrap elementor-element-populated\">\n\t\t\t\t\t\t<div class=\"elementor-element elementor-element-3b2f565 elementor-widget elementor-widget-image\" data-id=\"3b2f565\" data-element_type=\"widget\" data-e-type=\"widget\" data-widget_type=\"image.default\">\n\t\t\t\t\t\t\t\t\t\t\t\t\t\t\t<img fetchpriority=\"high\" decoding=\"async\" width=\"1024\" height=\"576\" src=\"https:\/\/support.fl-ux.co\/wp-content\/uploads\/2022\/08\/scene-start-btn-1024x576.png\" class=\"attachment-large size-large wp-image-2147\" alt=\"\" srcset=\"https:\/\/support.fl-ux.co\/wp-content\/uploads\/2022\/08\/scene-start-btn-1024x576.png 1024w, https:\/\/support.fl-ux.co\/wp-content\/uploads\/2022\/08\/scene-start-btn-300x169.png 300w, https:\/\/support.fl-ux.co\/wp-content\/uploads\/2022\/08\/scene-start-btn-768x432.png 768w, https:\/\/support.fl-ux.co\/wp-content\/uploads\/2022\/08\/scene-start-btn-18x10.png 18w, https:\/\/support.fl-ux.co\/wp-content\/uploads\/2022\/08\/scene-start-btn.png 1280w\" sizes=\"(max-width: 1024px) 100vw, 1024px\" \/>\t\t\t\t\t\t\t\t\t\t\t\t\t\t\t<\/div>\n\t\t\t\t\t<\/div>\n\t\t<\/div>\n\t\t\t\t<div class=\"elementor-column elementor-col-50 elementor-top-column elementor-element elementor-element-4111118e\" data-id=\"4111118e\" data-element_type=\"column\" data-e-type=\"column\">\n\t\t\t<div class=\"elementor-widget-wrap elementor-element-populated\">\n\t\t\t\t\t\t<div class=\"elementor-element elementor-element-4f88ba41 elementor-widget elementor-widget-text-editor\" data-id=\"4f88ba41\" data-element_type=\"widget\" data-e-type=\"widget\" data-widget_type=\"text-editor.default\">\n\t\t\t\t\t\t\t\t\t<p><span style=\"font-weight: 400;\">Haz clic en el bot\u00f3n azul a la derecha al comienzo de cada mitad. Estas etiquetas se utilizan para rastrear el tiempo de los eventos.<\/span><\/p>\t\t\t\t\t\t\t\t<\/div>\n\t\t\t\t\t<\/div>\n\t\t<\/div>\n\t\t\t\t\t<\/div>\n\t\t<\/section>\n\t\t\t\t<section class=\"elementor-section elementor-top-section elementor-element elementor-element-6e6ed640 elementor-section-boxed elementor-section-height-default elementor-section-height-default\" data-id=\"6e6ed640\" data-element_type=\"section\" data-e-type=\"section\" id=\"tagging\" data-settings=\"{&quot;background_background&quot;:&quot;classic&quot;}\">\n\t\t\t\t\t\t<div class=\"elementor-container elementor-column-gap-default\">\n\t\t\t\t\t<div class=\"elementor-column elementor-col-100 elementor-top-column elementor-element elementor-element-3b19c18c\" data-id=\"3b19c18c\" data-element_type=\"column\" data-e-type=\"column\">\n\t\t\t<div class=\"elementor-widget-wrap elementor-element-populated\">\n\t\t\t\t\t\t<div class=\"elementor-element elementor-element-1ca70042 elementor-widget elementor-widget-heading\" data-id=\"1ca70042\" data-element_type=\"widget\" data-e-type=\"widget\" data-widget_type=\"heading.default\">\n\t\t\t\t\t<h2 class=\"elementor-heading-title elementor-size-default\">Etiquetar<\/h2>\t\t\t\t<\/div>\n\t\t\t\t\t<\/div>\n\t\t<\/div>\n\t\t\t\t\t<\/div>\n\t\t<\/section>\n\t\t\t\t<section class=\"elementor-section elementor-top-section elementor-element elementor-element-50dbe719 elementor-section-boxed elementor-section-height-default elementor-section-height-default\" data-id=\"50dbe719\" data-element_type=\"section\" data-e-type=\"section\" data-settings=\"{&quot;background_background&quot;:&quot;classic&quot;}\">\n\t\t\t\t\t\t<div class=\"elementor-container elementor-column-gap-default\">\n\t\t\t\t\t<div class=\"elementor-column elementor-col-50 elementor-top-column elementor-element elementor-element-14f9356e\" data-id=\"14f9356e\" data-element_type=\"column\" data-e-type=\"column\">\n\t\t\t<div class=\"elementor-widget-wrap elementor-element-populated\">\n\t\t\t\t\t\t<div class=\"elementor-element elementor-element-1bce168e elementor-widget elementor-widget-image\" data-id=\"1bce168e\" data-element_type=\"widget\" data-e-type=\"widget\" data-widget_type=\"image.default\">\n\t\t\t\t\t\t\t\t\t\t\t\t\t\t\t<img decoding=\"async\" width=\"1024\" height=\"576\" src=\"https:\/\/support.fl-ux.co\/wp-content\/uploads\/2022\/08\/event-tags-demo-1024x576.png\" class=\"attachment-large size-large wp-image-2026\" alt=\"\" srcset=\"https:\/\/support.fl-ux.co\/wp-content\/uploads\/2022\/08\/event-tags-demo-1024x576.png 1024w, https:\/\/support.fl-ux.co\/wp-content\/uploads\/2022\/08\/event-tags-demo-300x169.png 300w, https:\/\/support.fl-ux.co\/wp-content\/uploads\/2022\/08\/event-tags-demo-768x432.png 768w, https:\/\/support.fl-ux.co\/wp-content\/uploads\/2022\/08\/event-tags-demo-18x10.png 18w, https:\/\/support.fl-ux.co\/wp-content\/uploads\/2022\/08\/event-tags-demo.png 1200w\" sizes=\"(max-width: 1024px) 100vw, 1024px\" \/>\t\t\t\t\t\t\t\t\t\t\t\t\t\t\t<\/div>\n\t\t\t\t\t<\/div>\n\t\t<\/div>\n\t\t\t\t<div class=\"elementor-column elementor-col-50 elementor-top-column elementor-element elementor-element-5e5b2538\" data-id=\"5e5b2538\" data-element_type=\"column\" data-e-type=\"column\">\n\t\t\t<div class=\"elementor-widget-wrap elementor-element-populated\">\n\t\t\t\t\t\t<div class=\"elementor-element elementor-element-50030848 elementor-widget elementor-widget-heading\" data-id=\"50030848\" data-element_type=\"widget\" data-e-type=\"widget\" data-widget_type=\"heading.default\">\n\t\t\t\t\t<p class=\"elementor-heading-title elementor-size-default\">Paso 1. Etiquetas de evento<\/p>\t\t\t\t<\/div>\n\t\t\t\t<div class=\"elementor-element elementor-element-d2af92c elementor-widget elementor-widget-text-editor\" data-id=\"d2af92c\" data-element_type=\"widget\" data-e-type=\"widget\" data-widget_type=\"text-editor.default\">\n\t\t\t\t\t\t\t\t\t<p><span style=\"font-weight: 400;\">Aseg\u00farate de estar en la p\u00e1gina de etiquetado. Luego haz clic en la etiqueta de evento que sea m\u00e1s apropiada para la escena.<\/span><\/p>\t\t\t\t\t\t\t\t<\/div>\n\t\t\t\t\t<\/div>\n\t\t<\/div>\n\t\t\t\t\t<\/div>\n\t\t<\/section>\n\t\t\t\t<section class=\"elementor-section elementor-top-section elementor-element elementor-element-72bc2e29 elementor-section-boxed elementor-section-height-default elementor-section-height-default\" data-id=\"72bc2e29\" data-element_type=\"section\" data-e-type=\"section\" data-settings=\"{&quot;background_background&quot;:&quot;classic&quot;}\">\n\t\t\t\t\t\t<div class=\"elementor-container elementor-column-gap-default\">\n\t\t\t\t\t<div class=\"elementor-column elementor-col-50 elementor-top-column elementor-element elementor-element-4cfe0046\" data-id=\"4cfe0046\" data-element_type=\"column\" data-e-type=\"column\">\n\t\t\t<div class=\"elementor-widget-wrap elementor-element-populated\">\n\t\t\t\t\t\t<div class=\"elementor-element elementor-element-76aeff2a elementor-widget elementor-widget-image\" data-id=\"76aeff2a\" data-element_type=\"widget\" data-e-type=\"widget\" data-widget_type=\"image.default\">\n\t\t\t\t\t\t\t\t\t\t\t\t\t\t\t<img decoding=\"async\" width=\"960\" height=\"540\" src=\"https:\/\/support.fl-ux.co\/wp-content\/uploads\/2022\/08\/option-tags-demo.png\" class=\"attachment-large size-large wp-image-2118\" alt=\"\" srcset=\"https:\/\/support.fl-ux.co\/wp-content\/uploads\/2022\/08\/option-tags-demo.png 960w, https:\/\/support.fl-ux.co\/wp-content\/uploads\/2022\/08\/option-tags-demo-300x169.png 300w, https:\/\/support.fl-ux.co\/wp-content\/uploads\/2022\/08\/option-tags-demo-768x432.png 768w, https:\/\/support.fl-ux.co\/wp-content\/uploads\/2022\/08\/option-tags-demo-18x10.png 18w\" sizes=\"(max-width: 960px) 100vw, 960px\" \/>\t\t\t\t\t\t\t\t\t\t\t\t\t\t\t<\/div>\n\t\t\t\t\t<\/div>\n\t\t<\/div>\n\t\t\t\t<div class=\"elementor-column elementor-col-50 elementor-top-column elementor-element elementor-element-251579a0\" data-id=\"251579a0\" data-element_type=\"column\" data-e-type=\"column\">\n\t\t\t<div class=\"elementor-widget-wrap elementor-element-populated\">\n\t\t\t\t\t\t<div class=\"elementor-element elementor-element-1cfdbf6e elementor-widget elementor-widget-heading\" data-id=\"1cfdbf6e\" data-element_type=\"widget\" data-e-type=\"widget\" data-widget_type=\"heading.default\">\n\t\t\t\t\t<p class=\"elementor-heading-title elementor-size-default\">Paso 2. Etiqueta de opci\u00f3n<\/p>\t\t\t\t<\/div>\n\t\t\t\t<div class=\"elementor-element elementor-element-1558804b elementor-widget elementor-widget-text-editor\" data-id=\"1558804b\" data-element_type=\"widget\" data-e-type=\"widget\" data-widget_type=\"text-editor.default\">\n\t\t\t\t\t\t\t\t\t<p><span style=\"font-weight: 400;\">Seleccionea la etiqueta de opci\u00f3n para agregar otra profundidad a tu etiquetado<\/span><\/p>\t\t\t\t\t\t\t\t<\/div>\n\t\t\t\t\t<\/div>\n\t\t<\/div>\n\t\t\t\t\t<\/div>\n\t\t<\/section>\n\t\t\t\t<section class=\"elementor-section elementor-top-section elementor-element elementor-element-e6e8480 elementor-section-boxed elementor-section-height-default elementor-section-height-default\" data-id=\"e6e8480\" data-element_type=\"section\" data-e-type=\"section\" data-settings=\"{&quot;background_background&quot;:&quot;classic&quot;}\">\n\t\t\t\t\t\t<div class=\"elementor-container elementor-column-gap-default\">\n\t\t\t\t\t<div class=\"elementor-column elementor-col-50 elementor-top-column elementor-element elementor-element-dac8f55\" data-id=\"dac8f55\" data-element_type=\"column\" data-e-type=\"column\">\n\t\t\t<div class=\"elementor-widget-wrap elementor-element-populated\">\n\t\t\t\t\t\t<div class=\"elementor-element elementor-element-2914802 elementor-widget elementor-widget-image\" data-id=\"2914802\" data-element_type=\"widget\" data-e-type=\"widget\" data-widget_type=\"image.default\">\n\t\t\t\t\t\t\t\t\t\t\t\t\t\t\t<img loading=\"lazy\" decoding=\"async\" width=\"1024\" height=\"585\" src=\"https:\/\/support.fl-ux.co\/wp-content\/uploads\/2022\/08\/player-tags-demo-1024x585.png\" class=\"attachment-large size-large wp-image-2123\" alt=\"\" srcset=\"https:\/\/support.fl-ux.co\/wp-content\/uploads\/2022\/08\/player-tags-demo-1024x585.png 1024w, https:\/\/support.fl-ux.co\/wp-content\/uploads\/2022\/08\/player-tags-demo-300x171.png 300w, https:\/\/support.fl-ux.co\/wp-content\/uploads\/2022\/08\/player-tags-demo-768x438.png 768w, https:\/\/support.fl-ux.co\/wp-content\/uploads\/2022\/08\/player-tags-demo-18x10.png 18w, https:\/\/support.fl-ux.co\/wp-content\/uploads\/2022\/08\/player-tags-demo.png 1200w\" sizes=\"(max-width: 1024px) 100vw, 1024px\" \/>\t\t\t\t\t\t\t\t\t\t\t\t\t\t\t<\/div>\n\t\t\t\t\t<\/div>\n\t\t<\/div>\n\t\t\t\t<div class=\"elementor-column elementor-col-50 elementor-top-column elementor-element elementor-element-60286f2\" data-id=\"60286f2\" data-element_type=\"column\" data-e-type=\"column\">\n\t\t\t<div class=\"elementor-widget-wrap elementor-element-populated\">\n\t\t\t\t\t\t<div class=\"elementor-element elementor-element-7037a47 elementor-widget elementor-widget-heading\" data-id=\"7037a47\" data-element_type=\"widget\" data-e-type=\"widget\" data-widget_type=\"heading.default\">\n\t\t\t\t\t<p class=\"elementor-heading-title elementor-size-default\">Paso 3. Etiqueta de Jugador<\/p>\t\t\t\t<\/div>\n\t\t\t\t<div class=\"elementor-element elementor-element-1317ea0 elementor-widget elementor-widget-text-editor\" data-id=\"1317ea0\" data-element_type=\"widget\" data-e-type=\"widget\" data-widget_type=\"text-editor.default\">\n\t\t\t\t\t\t\t\t\t<p><span style=\"font-weight: 400;\">Seleccionea los jugadores que estuvieron involucrados en la escena. Puedes alternar entre equipos locales y visitantes haciendo clic en el nombre del equipo (Rojo y Azul en este ejemplo)<\/span><\/p><p><span style=\"font-weight: 400;\">Tambi\u00e9n puedes hacer sustituciones seg\u00fan sea necesario usando el icono de cambio de jugador\u00a0<\/span><\/p><p><span style=\"font-weight: 400;\">Esto solo se mostrar\u00e1 cuando el proyecto de etiquetado est\u00e9 configurado como Evento + Jugador + Ubicaci\u00f3n<\/span><\/p>\t\t\t\t\t\t\t\t<\/div>\n\t\t\t\t\t<\/div>\n\t\t<\/div>\n\t\t\t\t\t<\/div>\n\t\t<\/section>\n\t\t\t\t<section class=\"elementor-section elementor-top-section elementor-element elementor-element-14e8a8a elementor-section-boxed elementor-section-height-default elementor-section-height-default\" data-id=\"14e8a8a\" data-element_type=\"section\" data-e-type=\"section\" data-settings=\"{&quot;background_background&quot;:&quot;classic&quot;}\">\n\t\t\t\t\t\t<div class=\"elementor-container elementor-column-gap-default\">\n\t\t\t\t\t<div class=\"elementor-column elementor-col-50 elementor-top-column elementor-element elementor-element-f7edbd3\" data-id=\"f7edbd3\" data-element_type=\"column\" data-e-type=\"column\">\n\t\t\t<div class=\"elementor-widget-wrap elementor-element-populated\">\n\t\t\t\t\t\t<div class=\"elementor-element elementor-element-fe00cc3 elementor-widget elementor-widget-image\" data-id=\"fe00cc3\" data-element_type=\"widget\" data-e-type=\"widget\" data-widget_type=\"image.default\">\n\t\t\t\t\t\t\t\t\t\t\t\t\t\t\t<img loading=\"lazy\" decoding=\"async\" width=\"1024\" height=\"576\" src=\"https:\/\/support.fl-ux.co\/wp-content\/uploads\/2022\/08\/location-tags-demo-1024x576.png\" class=\"attachment-large size-large wp-image-2069\" alt=\"\" srcset=\"https:\/\/support.fl-ux.co\/wp-content\/uploads\/2022\/08\/location-tags-demo-1024x576.png 1024w, https:\/\/support.fl-ux.co\/wp-content\/uploads\/2022\/08\/location-tags-demo-300x169.png 300w, https:\/\/support.fl-ux.co\/wp-content\/uploads\/2022\/08\/location-tags-demo-768x432.png 768w, https:\/\/support.fl-ux.co\/wp-content\/uploads\/2022\/08\/location-tags-demo-18x10.png 18w, https:\/\/support.fl-ux.co\/wp-content\/uploads\/2022\/08\/location-tags-demo.png 1200w\" sizes=\"(max-width: 1024px) 100vw, 1024px\" \/>\t\t\t\t\t\t\t\t\t\t\t\t\t\t\t<\/div>\n\t\t\t\t\t<\/div>\n\t\t<\/div>\n\t\t\t\t<div class=\"elementor-column elementor-col-50 elementor-top-column elementor-element elementor-element-52bb8cb\" data-id=\"52bb8cb\" data-element_type=\"column\" data-e-type=\"column\">\n\t\t\t<div class=\"elementor-widget-wrap elementor-element-populated\">\n\t\t\t\t\t\t<div class=\"elementor-element elementor-element-05b4075 elementor-widget elementor-widget-heading\" data-id=\"05b4075\" data-element_type=\"widget\" data-e-type=\"widget\" data-widget_type=\"heading.default\">\n\t\t\t\t\t<p class=\"elementor-heading-title elementor-size-default\">Paso 4. Etiqueta de Ubicaci\u00f3n<\/p>\t\t\t\t<\/div>\n\t\t\t\t<div class=\"elementor-element elementor-element-260a10e elementor-widget elementor-widget-text-editor\" data-id=\"260a10e\" data-element_type=\"widget\" data-e-type=\"widget\" data-widget_type=\"text-editor.default\">\n\t\t\t\t\t\t\t\t\t<p><span style=\"font-weight: 400;\">Selecciona la ubicaci\u00f3n donde ocurri\u00f3 la jugada. Haz clic en el bot\u00f3n con el icono del avi\u00f3n de papel para guardar<\/span><\/p><p><span style=\"font-weight: 400;\">Esto solo se mostrar\u00e1 cuando el proyecto de etiquetado est\u00e9 configurado como Evento + Jugador + Ubicaci\u00f3n<\/span><\/p>\t\t\t\t\t\t\t\t<\/div>\n\t\t\t\t\t<\/div>\n\t\t<\/div>\n\t\t\t\t\t<\/div>\n\t\t<\/section>\n\t\t\t\t<\/div>","protected":false},"excerpt":{"rendered":"<p>Tagging 1st &amp; 2nd Half Click on the blue button on the right at the beginng of each half. These tags are used to track the time of the events Tagging Step 1. Event tag Make sure you are on the tagging page. Then click on the event tag that\u2019s most appropriate for the scene [&hellip;]<\/p>\n","protected":false},"author":1,"featured_media":0,"parent":1946,"menu_order":0,"comment_status":"closed","ping_status":"closed","template":"","meta":{"site-sidebar-layout":"no-sidebar","site-content-layout":"page-builder","ast-site-content-layout":"default","site-content-style":"default","site-sidebar-style":"default","ast-global-header-display":"","ast-banner-title-visibility":"","ast-main-header-display":"","ast-hfb-above-header-display":"","ast-hfb-below-header-display":"","ast-hfb-mobile-header-display":"","site-post-title":"disabled","ast-breadcrumbs-content":"","ast-featured-img":"disabled","footer-sml-layout":"","ast-disable-related-posts":"","theme-transparent-header-meta":"","adv-header-id-meta":"","stick-header-meta":"","header-above-stick-meta":"","header-main-stick-meta":"","header-below-stick-meta":"","astra-migrate-meta-layouts":"default","ast-page-background-enabled":"default","ast-page-background-meta":{"desktop":{"background-color":"","background-image":"","background-repeat":"repeat","background-position":"center center","background-size":"auto","background-attachment":"scroll","background-type":"","background-media":"","overlay-type":"","overlay-color":"","overlay-opacity":"","overlay-gradient":""},"tablet":{"background-color":"","background-image":"","background-repeat":"repeat","background-position":"center center","background-size":"auto","background-attachment":"scroll","background-type":"","background-media":"","overlay-type":"","overlay-color":"","overlay-opacity":"","overlay-gradient":""},"mobile":{"background-color":"","background-image":"","background-repeat":"repeat","background-position":"center center","background-size":"auto","background-attachment":"scroll","background-type":"","background-media":"","overlay-type":"","overlay-color":"","overlay-opacity":"","overlay-gradient":""}},"ast-content-background-meta":{"desktop":{"background-color":"var(--ast-global-color-5)","background-image":"","background-repeat":"repeat","background-position":"center center","background-size":"auto","background-attachment":"scroll","background-type":"","background-media":"","overlay-type":"","overlay-color":"","overlay-opacity":"","overlay-gradient":""},"tablet":{"background-color":"var(--ast-global-color-5)","background-image":"","background-repeat":"repeat","background-position":"center center","background-size":"auto","background-attachment":"scroll","background-type":"","background-media":"","overlay-type":"","overlay-color":"","overlay-opacity":"","overlay-gradient":""},"mobile":{"background-color":"var(--ast-global-color-5)","background-image":"","background-repeat":"repeat","background-position":"center center","background-size":"auto","background-attachment":"scroll","background-type":"","background-media":"","overlay-type":"","overlay-color":"","overlay-opacity":"","overlay-gradient":""}},"footnotes":""},"class_list":["post-2378","page","type-page","status-publish","hentry"],"aioseo_notices":[],"_links":{"self":[{"href":"https:\/\/support.fl-ux.co\/es\/wp-json\/wp\/v2\/pages\/2378","targetHints":{"allow":["GET"]}}],"collection":[{"href":"https:\/\/support.fl-ux.co\/es\/wp-json\/wp\/v2\/pages"}],"about":[{"href":"https:\/\/support.fl-ux.co\/es\/wp-json\/wp\/v2\/types\/page"}],"author":[{"embeddable":true,"href":"https:\/\/support.fl-ux.co\/es\/wp-json\/wp\/v2\/users\/1"}],"replies":[{"embeddable":true,"href":"https:\/\/support.fl-ux.co\/es\/wp-json\/wp\/v2\/comments?post=2378"}],"version-history":[{"count":26,"href":"https:\/\/support.fl-ux.co\/es\/wp-json\/wp\/v2\/pages\/2378\/revisions"}],"predecessor-version":[{"id":3540,"href":"https:\/\/support.fl-ux.co\/es\/wp-json\/wp\/v2\/pages\/2378\/revisions\/3540"}],"up":[{"embeddable":true,"href":"https:\/\/support.fl-ux.co\/es\/wp-json\/wp\/v2\/pages\/1946"}],"wp:attachment":[{"href":"https:\/\/support.fl-ux.co\/es\/wp-json\/wp\/v2\/media?parent=2378"}],"curies":[{"name":"wp","href":"https:\/\/api.w.org\/{rel}","templated":true}]}}